{"id":92,"date":"2017-01-29T16:09:38","date_gmt":"2017-01-29T15:09:38","guid":{"rendered":"http:\/\/madaservices.com\/?page_id=92"},"modified":"2018-04-25T10:20:19","modified_gmt":"2018-04-25T08:20:19","slug":"agent-de-securite","status":"publish","type":"page","link":"https:\/\/madaservices.com\/en\/agent-de-securite\/","title":{"rendered":"Agent de s\u00e9curit\u00e9"},"content":{"rendered":"<div id=\"dslc-theme-content\"><div id=\"dslc-theme-content-inner\"><p>[vc_row][vc_column el_class=&#8221;block&#8221;][vc_column_text]MadaServices met \u00e0 votre disposition un ou plusieurs agents de s\u00e9curit\u00e9 de fa\u00e7on ponctuelle. Les missions de l\u2019agent a pour objet la protection des biens meubles et immeubles (gardiennage) ainsi que celles des personnes physiques ou morales li\u00e9es directement ou indirectement \u00e0 la s\u00e9curit\u00e9 des biens.<br \/>\nLes agents de s\u00e9curit\u00e9 peuvent r\u00e9aliser diff\u00e9rentes missions selon vos besoins :<\/p>\n<ul>\n<li>Accompagnement de b\u00e9n\u00e9ficiaire(s) tout au long du voyage et assurance de la s\u00e9curit\u00e9 et logistique<\/li>\n<li>Accompagnement de personne(s) toute la journ\u00e9e ou la nuit et assurance de la s\u00e9curit\u00e9 de la personne et de ses biens<\/li>\n<li>Filtrage de v\u00e9hicules, filtrage de personnes<\/li>\n<li>Ouverture et\/ou fermeture des acc\u00e8s : portiques, grillages, &#8230;<\/li>\n<li>Rondes de pr\u00e9vention et de dissuasion, rondes de surveillance et de pr\u00e9vention, rondes \u00e0 pied<\/li>\n<li>Surveillance de points fixes : portails, locaux, salle informatique, \u2026<\/li>\n<li>Surveillance de grands espaces : parkings, gardiennage de maison, gares, stands, salons, foires, concerts, \u2026<\/li>\n<\/ul>\n<p>[\/vc_column_text][\/vc_column][\/vc_row]<\/p><\/div><\/div>","protected":false},"excerpt":{"rendered":"<p>[vc_row][vc_column el_class=&#8221;block&#8221;][vc_column_text]MadaServices met \u00e0 votre disposition un ou plusieurs agents de s\u00e9curit\u00e9 de fa\u00e7on ponctuelle. Les missions de l\u2019agent a<a href=\"https:\/\/madaservices.com\/en\/agent-de-securite\/\" class=\"read-more\">Continue Reading<\/a><\/p>\n","protected":false},"author":1,"featured_media":0,"parent":0,"menu_order":0,"comment_status":"closed","ping_status":"closed","template":"","meta":{"footnotes":""},"_links":{"self":[{"href":"https:\/\/madaservices.com\/en\/wp-json\/wp\/v2\/pages\/92"}],"collection":[{"href":"https:\/\/madaservices.com\/en\/wp-json\/wp\/v2\/pages"}],"about":[{"href":"https:\/\/madaservices.com\/en\/wp-json\/wp\/v2\/types\/page"}],"author":[{"embeddable":true,"href":"https:\/\/madaservices.com\/en\/wp-json\/wp\/v2\/users\/1"}],"replies":[{"embeddable":true,"href":"https:\/\/madaservices.com\/en\/wp-json\/wp\/v2\/comments?post=92"}],"version-history":[{"count":2,"href":"https:\/\/madaservices.com\/en\/wp-json\/wp\/v2\/pages\/92\/revisions"}],"predecessor-version":[{"id":835,"href":"https:\/\/madaservices.com\/en\/wp-json\/wp\/v2\/pages\/92\/revisions\/835"}],"wp:attachment":[{"href":"https:\/\/madaservices.com\/en\/wp-json\/wp\/v2\/media?parent=92"}],"curies":[{"name":"wp","href":"https:\/\/api.w.org\/{rel}","templated":true}]}}