{"id":156,"date":"2017-02-23T09:25:30","date_gmt":"2017-02-23T08:25:30","guid":{"rendered":"http:\/\/madaservices.com\/?page_id=156"},"modified":"2026-03-19T12:25:08","modified_gmt":"2026-03-19T11:25:08","slug":"accueil_aeroport","status":"publish","type":"page","link":"https:\/\/madaservices.com\/en\/accueil_aeroport\/","title":{"rendered":"Airport Meet and Greet"},"content":{"rendered":"<div id=\"dslc-theme-content\"><div id=\"dslc-theme-content-inner\"><div class=\"vce-row-container\" data-vce-boxed-width=\"true\"><div class=\"vce-row vce-row--has-col-background vce-row--col-gap-30 vce-row-equal-height vce-row-content--middle\" id=\"el-5a37ca7a\" data-vce-do-apply=\"all el-5a37ca7a\"><div class=\"vce-content-background-container\"><\/div><div class=\"vce-row-content\" data-vce-element-content=\"true\"><div class=\"vce-col vce-element--has-background vce-col--md-100p vce-col--xs-1 vce-col--xs-last vce-col--xs-first vce-col--sm-last vce-col--sm-first vce-col--md-last vce-col--lg-last vce-col--xl-last vce-col--md-first vce-col--lg-first vce-col--xl-first\" id=\"el-7df9e40f\"><div class=\"vce-col-inner\" data-vce-do-apply=\"border margin background  el-7df9e40f\"><div class=\"vce-content-background-container\"><\/div><div class=\"vce-col-content\" data-vce-element-content=\"true\" data-vce-do-apply=\"padding el-7df9e40f\"><div class=\"vce-row-container\" data-vce-boxed-width=\"true\"><div class=\"vce-row vce-row--has-col-background vce-row--col-gap-30 vce-row-equal-height vce-row-content--top\" id=\"el-e707de4f\" data-vce-do-apply=\"all el-e707de4f\"><div class=\"vce-row-content\" data-vce-element-content=\"true\"><div class=\"vce-col vce-element--has-background vce-col--md-auto vce-col--xs-1 vce-col--xs-last vce-col--xs-first vce-col--sm-last vce-col--sm-first vce-col--md-first vce-col--lg-first vce-col--xl-first\" id=\"el-112e2e35\"><div class=\"vce-col-inner\" data-vce-do-apply=\"border margin background  el-112e2e35\" vce-box-shadow=\"el-112e2e35\" vce-hover-box-shadow=\"el-112e2e35\"><div class=\"vce-content-background-container\"><\/div><div class=\"vce-col-content\" data-vce-element-content=\"true\" data-vce-do-apply=\"padding el-112e2e35\"><div class=\"vce-text-block\"><div class=\"vce-text-block-wrapper vce\" id=\"el-cec18ee0\" data-vce-do-apply=\"all el-cec18ee0\"><h2 style=\"line-height: 1.5;\"><span style=\"color: #5c5b56; font-size: 16pt;\"><strong style=\"box-sizing: border-box; transition: 0.3s; margin-bottom: 0px;\">ACCUEIL SIMPLE<\/strong><\/span><\/h2><p style=\"box-sizing: border-box; transition: 0.3s; margin: 0px 0px 10px; color: #ffffff; font-family: 'Open Sans', sans-serif; font-size: 16px; line-height: 1.5;\"><span style=\"color: #5c5b56; font-family: 'Open Sans'; font-weight: 400; font-style: normal;\">Nous vous amenons \u00e0 votre h\u00f4tel (v\u00e9rification de la r\u00e9servation). Nous nous occupons de vos bagages et vous aidons en cas de litige avec la compagnie. Nous vous permettons de faire du change, et vous aidons dans vos premiers besoins (restauration, achats).<\/span><\/p><p style=\"box-sizing: border-box; transition: 0.3s; margin: 0px 0px 10px; color: #ffffff; font-family: 'Open Sans', sans-serif; font-size: 16px; line-height: 1.5;\"><span style=\"color: #5c5b56; font-family: 'Open Sans'; font-weight: 400; font-style: normal;\">&nbsp;<\/span><\/p><p style=\"box-sizing: border-box; transition: 0.3s; margin: 0px; color: #ffffff; font-family: 'Open Sans', sans-serif; font-size: 16px; line-height: 1.5;\"><span style=\"color: #5c5b56; font-family: 'Open Sans'; font-weight: 400; font-style: normal;\">Tarif : 150 000 Ariary (\u2248 39.47 USD) (+20% apr\u00e8s 20h) + 50 000 Ariary (\u2248 13.16 USD) s\u2019il faut s\u2019occuper de la r\u00e9servation d\u2019h\u00f4tel.<\/span><\/p><\/div><\/div><div class=\"vce-button--style-basic-container vce-button--style-basic-container--align-left\"><span class=\"vce-button--style-basic-wrapper vce\" id=\"el-797d2784\" data-vce-do-apply=\"margin el-797d2784\"><button class=\"vce-button--style-basic vce-button--style-basic--border-round vce-button--style-basic--size-medium vce-button--style-basic--color-b-0-127-58--fff vce-button--style-basic--hover-color-b-218-218-218--b-0-127-58\" id=\"popmake-1482\" data-vce-do-apply=\"padding border background  el-797d2784\">Devis<\/button><\/span><\/div><\/div><\/div><\/div><div class=\"vce-col vce-element--has-background vce-col--md-auto vce-col--xs-1 vce-col--xs-last vce-col--xs-first vce-col--sm-last vce-col--sm-first vce-col--md-last vce-col--lg-last vce-col--xl-last\" id=\"el-f9e91e2b\"><div class=\"vce-col-inner\" data-vce-do-apply=\"border margin background  el-f9e91e2b\" vce-box-shadow=\"el-f9e91e2b\" vce-hover-box-shadow=\"el-f9e91e2b\"><div class=\"vce-content-background-container\"><\/div><div class=\"vce-col-content\" data-vce-element-content=\"true\" data-vce-do-apply=\"padding el-f9e91e2b\"><div class=\"vce-text-block\"><div class=\"vce-text-block-wrapper vce\" id=\"el-8485dc47\" data-vce-do-apply=\"all el-8485dc47\"><h2><span style=\"color: #5c5b56;\"><strong><span style=\"font-size: 16pt;\">ACCUEIL ET VISITE<\/span><\/strong><\/span><\/h2><p><span style=\"font-weight: 400; font-style: normal; font-family: 'Open Sans'; color: #5c5b56;\">&nbsp;<\/span><\/p><p style=\"line-height: 1.5;\"><span style=\"font-style: normal; font-family: 'Open Sans'; color: #5c5b56; font-weight: 400;\">ACCUEIL SIMPLE + Visite de la ville\/shopping\/sortie ou transfert sur le lieu de travail\/conf\u00e9rence.<\/span><\/p><p style=\"line-height: 1.5;\"><span style=\"font-style: normal; font-family: 'Open Sans'; color: #5c5b56; font-weight: 400;\">&nbsp;<\/span><\/p><p style=\"line-height: 1.5;\"><span style=\"font-style: normal; font-family: 'Open Sans'; color: #5c5b56; font-weight: 400;\">Tarif : Formule 1 + 100&nbsp;000 Ariary (\u2248 26.32 USD) \/ demi-journ\u00e9e ou soir\u00e9e + 50% au-del\u00e0 de 22h30<\/span><\/p><\/div><\/div><div class=\"vce-button--style-basic-container vce-button--style-basic-container--align-left\"><span class=\"vce-button--style-basic-wrapper vce\" id=\"el-d32ac34c\" data-vce-do-apply=\"margin el-d32ac34c\"><button class=\"vce-button--style-basic vce-button--style-basic--border-round vce-button--style-basic--size-medium vce-button--style-basic--color-b-0-127-58--fff vce-button--style-basic--hover-color-b-255-255-255--b-0-127-58\" id=\"popmake-1576\" data-vce-do-apply=\"padding border background  el-d32ac34c\">Devis<\/button><\/span><\/div><\/div><\/div><\/div><\/div><\/div><\/div><\/div><\/div><\/div><div class=\"vce-col vce-element--has-background vce-col--md-100p vce-col--xs-1 vce-col--xs-last vce-col--xs-first vce-col--sm-last vce-col--sm-first vce-col--md-last vce-col--lg-last vce-col--xl-last vce-col--md-first vce-col--lg-first vce-col--xl-first\" id=\"el-83e800f6\"><div class=\"vce-col-inner\" data-vce-do-apply=\"border margin background  el-83e800f6\"><div class=\"vce-content-background-container\"><\/div><div class=\"vce-col-content\" data-vce-element-content=\"true\" data-vce-do-apply=\"padding el-83e800f6\"><div class=\"vce-row-container\" data-vce-boxed-width=\"true\"><div class=\"vce-row vce-row--has-col-background vce-row--col-gap-30 vce-row-equal-height vce-row-content--top\" id=\"el-cfa4327d\" data-vce-do-apply=\"all el-cfa4327d\"><div class=\"vce-row-content\" data-vce-element-content=\"true\"><div class=\"vce-col vce-element--has-background vce-col--md-auto vce-col--xs-1 vce-col--xs-last vce-col--xs-first vce-col--sm-last vce-col--sm-first vce-col--md-first vce-col--lg-first vce-col--xl-first\" id=\"el-8cfb6f4b\"><div class=\"vce-col-inner\" data-vce-do-apply=\"border margin background  el-8cfb6f4b\" vce-box-shadow=\"el-8cfb6f4b\" vce-hover-box-shadow=\"el-8cfb6f4b\"><div class=\"vce-content-background-container\"><\/div><div class=\"vce-col-content\" data-vce-element-content=\"true\" data-vce-do-apply=\"padding el-8cfb6f4b\"><div class=\"vce-text-block\"><div class=\"vce-text-block-wrapper vce\" id=\"el-dca51cc5\" data-vce-do-apply=\"all el-dca51cc5\"><h2><span style=\"font-size: 16pt; color: #5c5b56;\"><strong>ACCUEIL ET ACCOMPAGNEMENT<\/strong><\/span><\/h2><div><span style=\"font-size: 16pt; color: #5c5b56;\"><strong>&nbsp;<\/strong><\/span><\/div><p style=\"line-height: 1.5;\"><span style=\"font-family: 'Open Sans'; color: #5c5b56; font-weight: 400; font-style: normal;\">ACCUEIL SIMPLE + d\u00e9placements en agglom\u00e9ration et guidage pendant l\u2019ensemble du s\u00e9jour jusqu\u2019au retour \u00e0 l\u2019a\u00e9roport.<\/span><\/p><p style=\"line-height: 1.5;\"><span style=\"font-family: 'Open Sans'; color: #5c5b56; font-weight: 400; font-style: normal;\">&nbsp;<\/span><\/p><p style=\"line-height: 1.5;\"><span style=\"font-family: 'Open Sans'; color: #5c5b56; font-weight: 400; font-style: normal;\">Tarif : 200&nbsp;000 Ariary (\u2248 52.63 USD) + 75&nbsp;000 Ariary (\u2248 19.74 USD) \/ demi journ\u00e9e En option&nbsp;: + 50&nbsp;000 Ariary (\u2248 13.16 USD) \/ soir\u00e9e + 50% au-del\u00e0 de 22h30<\/span><\/p><\/div><\/div><div class=\"vce-button--style-basic-container vce-button--style-basic-container--align-left\"><span class=\"vce-button--style-basic-wrapper vce\" id=\"el-2e5e7eb0\" data-vce-do-apply=\"margin el-2e5e7eb0\"><button class=\"vce-button--style-basic vce-button--style-basic--border-round vce-button--style-basic--size-medium vce-button--style-basic--color-b-0-127-58--fff vce-button--style-basic--hover-color-b-255-255-255--b-0-127-58\" id=\"popmake-1583\" data-vce-do-apply=\"padding border background  el-2e5e7eb0\">Devis<\/button><\/span><\/div><\/div><\/div><\/div><div class=\"vce-col vce-element--has-background vce-col--md-auto vce-col--xs-1 vce-col--xs-last vce-col--xs-first vce-col--sm-last vce-col--sm-first vce-col--md-last vce-col--lg-last vce-col--xl-last\" id=\"el-40aae5e8\"><div class=\"vce-col-inner\" data-vce-do-apply=\"border margin background  el-40aae5e8\" vce-box-shadow=\"el-40aae5e8\" vce-hover-box-shadow=\"el-40aae5e8\"><div class=\"vce-content-background-container\"><\/div><div class=\"vce-col-content\" data-vce-element-content=\"true\" data-vce-do-apply=\"padding el-40aae5e8\"><div class=\"vce-text-block\"><div class=\"vce-text-block-wrapper vce\" id=\"el-f823cf4c\" data-vce-do-apply=\"all el-f823cf4c\"><h2 style=\"line-height: 1;\"><span style=\"color: #5c5b56; font-size: 16pt;\"><strong>ACCUEIL ET ACCOMPAGNEMENT D'UN INTERPRETE<\/strong><\/span><\/h2><p style=\"line-height: 1.5;\"><span style=\"color: #5c5b56; font-family: 'Open Sans';\">&nbsp;<\/span><\/p><p style=\"line-height: 1.5;\"><span style=\"color: #5c5b56; font-weight: 400; font-style: normal;\"><span style=\"font-family: 'Open Sans';\">ACCUEIL SIMPLE<\/span><span style=\"font-family: 'Open Sans';\">&nbsp;+&nbsp;<\/span><span style=\"font-family: 'Open Sans';\">ACCUEIL ET VISITE +&nbsp;<\/span><span style=\"font-family: 'Open Sans';\">ACCUEIL ET ACCOMPAGNEMENT<\/span><\/span><\/p><p style=\"line-height: 1.5;\"><span style=\"font-family: 'Open Sans'; color: #5c5b56; font-weight: 400; font-style: normal;\">Avec interpr\u00e8te Anglais Fran\u00e7ais Malgache<\/span><\/p><p style=\"line-height: 1.5;\"><span style=\"font-family: 'Open Sans'; color: #5c5b56; font-weight: 400; font-style: normal;\">&nbsp;<\/span><\/p><p style=\"line-height: 1.5;\"><span style=\"color: #5c5b56; font-family: 'Open Sans'; font-weight: 400; font-style: normal;\">Tarif interpr\u00e8te&nbsp;: 50&nbsp;000 Ariary (\u2248 13.16 USD) \/ demi journ\u00e9e (loisir) 150&nbsp;000 Ariary (\u2248 39.47 USD) \/ demi journ\u00e9e (professionnel)<\/span><\/p><\/div><\/div><div class=\"vce-button--style-basic-container vce-button--style-basic-container--align-left\"><span class=\"vce-button--style-basic-wrapper vce\" id=\"el-a2bec7ea\" data-vce-do-apply=\"margin el-a2bec7ea\"><button class=\"vce-button--style-basic vce-button--style-basic--border-round vce-button--style-basic--size-medium vce-button--style-basic--color-b-0-127-58--fff vce-button--style-basic--hover-color-b-255-255-255--b-0-127-58\" id=\"popmake-1586\" data-vce-do-apply=\"padding border background  el-a2bec7ea\">Devis<\/button><\/span><\/div><\/div><\/div><\/div><\/div><\/div><\/div><\/div><\/div><\/div><\/div><\/div><\/div>\n<\/div><\/div>","protected":false},"excerpt":{"rendered":"<p>ACCUEIL SIMPLENous vous amenons \u00e0 votre h\u00f4tel (v\u00e9rification de la r\u00e9servation). Nous nous occupons de vos bagages et vous aidons<a href=\"https:\/\/madaservices.com\/en\/accueil_aeroport\/\" class=\"read-more\">Continue Reading<\/a><\/p>\n","protected":false},"author":1,"featured_media":0,"parent":0,"menu_order":0,"comment_status":"closed","ping_status":"closed","template":"","meta":{"footnotes":""},"_links":{"self":[{"href":"https:\/\/madaservices.com\/en\/wp-json\/wp\/v2\/pages\/156"}],"collection":[{"href":"https:\/\/madaservices.com\/en\/wp-json\/wp\/v2\/pages"}],"about":[{"href":"https:\/\/madaservices.com\/en\/wp-json\/wp\/v2\/types\/page"}],"author":[{"embeddable":true,"href":"https:\/\/madaservices.com\/en\/wp-json\/wp\/v2\/users\/1"}],"replies":[{"embeddable":true,"href":"https:\/\/madaservices.com\/en\/wp-json\/wp\/v2\/comments?post=156"}],"version-history":[{"count":132,"href":"https:\/\/madaservices.com\/en\/wp-json\/wp\/v2\/pages\/156\/revisions"}],"predecessor-version":[{"id":1877,"href":"https:\/\/madaservices.com\/en\/wp-json\/wp\/v2\/pages\/156\/revisions\/1877"}],"wp:attachment":[{"href":"https:\/\/madaservices.com\/en\/wp-json\/wp\/v2\/media?parent=156"}],"curies":[{"name":"wp","href":"https:\/\/api.w.org\/{rel}","templated":true}]}}