{"id":1336,"date":"2023-09-07T11:56:41","date_gmt":"2023-09-07T09:56:41","guid":{"rendered":"https:\/\/madaservices.com\/?page_id=1336"},"modified":"2024-07-23T14:19:40","modified_gmt":"2024-07-23T12:19:40","slug":"contact-2","status":"publish","type":"page","link":"https:\/\/madaservices.com\/en\/contact-2\/","title":{"rendered":"Contact"},"content":{"rendered":"<div id=\"dslc-theme-content\"><div id=\"dslc-theme-content-inner\"><div class=\"vce-row-container\" data-vce-boxed-width=\"true\"><div class=\"vce-row vce-row--col-gap-30 vce-row-equal-height vce-row-content--top\" id=\"el-222ac837\" data-vce-do-apply=\"all el-222ac837\"><div class=\"vce-row-content\" data-vce-element-content=\"true\"><div class=\"vce-col vce-col--md-auto vce-col--xs-1 vce-col--xs-last vce-col--xs-first vce-col--sm-last vce-col--sm-first vce-col--md-first vce-col--lg-first vce-col--xl-first\" id=\"el-37cfce9a\"><div class=\"vce-col-inner\" data-vce-do-apply=\"border margin background  el-37cfce9a\"><div class=\"vce-col-content\" data-vce-element-content=\"true\" data-vce-do-apply=\"padding el-37cfce9a\"><div class=\"vce-button--style-basic-container vce-button--style-basic-container--align-left\"><span class=\"vce-button--style-basic-wrapper vce\" id=\"el-793c627c\" data-vce-do-apply=\"margin el-793c627c\"><a class=\"vce-button--style-basic vce-button--style-basic--border-rounded vce-button--style-basic--size-medium vce-button--style-basic--color-557cbf--fff\" href=\"https:\/\/madaservices.com\/prestation-online\/nos-offres\/\" title=\"\" data-vce-do-apply=\"padding border background  el-793c627c\">Nos offres<\/a><\/span><\/div><\/div><\/div><\/div><div class=\"vce-col vce-col--md-auto vce-col--xs-1 vce-col--xs-last vce-col--xs-first vce-col--sm-last vce-col--sm-first\" id=\"el-02729d96\"><div class=\"vce-col-inner\" data-vce-do-apply=\"border margin background  el-02729d96\"><div class=\"vce-col-content\" data-vce-element-content=\"true\" data-vce-do-apply=\"padding el-02729d96\"><div class=\"vce-button--style-basic-container vce-button--style-basic-container--align-left\"><span class=\"vce-button--style-basic-wrapper vce\" id=\"el-e2d79ff0\" data-vce-do-apply=\"margin el-e2d79ff0\"><a class=\"vce-button--style-basic vce-button--style-basic--border-rounded vce-button--style-basic--size-medium vce-button--style-basic--color-557cbf--fff\" href=\"https:\/\/madaservices.com\/prestation-online\/qui-sommes-nous-2\/\" title=\"\" data-vce-do-apply=\"padding border background  el-e2d79ff0\">Qui sommes nous<\/a><\/span><\/div><\/div><\/div><\/div><div class=\"vce-col vce-col--md-auto vce-col--xs-1 vce-col--xs-last vce-col--xs-first vce-col--sm-last vce-col--sm-first\" id=\"el-5fda29ab\"><div class=\"vce-col-inner\" data-vce-do-apply=\"border margin background  el-5fda29ab\"><div class=\"vce-col-content\" data-vce-element-content=\"true\" data-vce-do-apply=\"padding el-5fda29ab\"><div class=\"vce-button--style-basic-container vce-button--style-basic-container--align-left\"><span class=\"vce-button--style-basic-wrapper vce\" id=\"el-90c1e213\" data-vce-do-apply=\"margin el-90c1e213\"><a class=\"vce-button--style-basic vce-button--style-basic--border-rounded vce-button--style-basic--size-medium vce-button--style-basic--color-557cbf--fff\" href=\"https:\/\/madaservices.com\/prestation-online\/nos-engagements\/\" title=\"\" data-vce-do-apply=\"padding border background  el-90c1e213\">Nos engagements<\/a><\/span><\/div><\/div><\/div><\/div><div class=\"vce-col vce-col--md-auto vce-col--xs-1 vce-col--xs-last vce-col--xs-first vce-col--sm-last vce-col--sm-first\" id=\"el-bae50ee1\"><div class=\"vce-col-inner\" data-vce-do-apply=\"border margin background  el-bae50ee1\"><div class=\"vce-col-content\" data-vce-element-content=\"true\" data-vce-do-apply=\"padding el-bae50ee1\"><div class=\"vce-button--style-basic-container vce-button--style-basic-container--align-left\"><span class=\"vce-button--style-basic-wrapper vce\" id=\"el-0399a6b6\" data-vce-do-apply=\"margin el-0399a6b6\"><a class=\"vce-button--style-basic vce-button--style-basic--border-rounded vce-button--style-basic--size-medium vce-button--style-basic--color-557cbf--fff\" href=\"https:\/\/madaservices.com\/prestation-online\/nos-modalites\/\" title=\"\" data-vce-do-apply=\"padding border background  el-0399a6b6\">Nos modalit\u00e9s<\/a><\/span><\/div><\/div><\/div><\/div><div class=\"vce-col vce-col--md-auto vce-col--xs-1 vce-col--xs-last vce-col--xs-first vce-col--sm-last vce-col--sm-first vce-col--md-last vce-col--lg-last vce-col--xl-last\" id=\"el-59ef5a80\"><div class=\"vce-col-inner\" data-vce-do-apply=\"border margin background  el-59ef5a80\"><div class=\"vce-col-content\" data-vce-element-content=\"true\" data-vce-do-apply=\"padding el-59ef5a80\"><div class=\"vce-button--style-basic-container vce-button--style-basic-container--align-center\"><span class=\"vce-button--style-basic-wrapper vce\" id=\"el-54963dc8\" data-vce-do-apply=\"margin el-54963dc8\"><button class=\"vce-button--style-basic vce-button--style-basic--border-rounded vce-button--style-basic--size-medium vce-button--style-basic--color-b-64-198-81--fff\" data-vce-do-apply=\"padding border background  el-54963dc8\">Contact<\/button><\/span><\/div><\/div><\/div><\/div><\/div><\/div><\/div><div class=\"vce-row-container\" data-vce-boxed-width=\"true\"><div class=\"vce-row vce-row--col-gap-30 vce-row-equal-height vce-row-content--top\" id=\"el-ddfef7ac\" data-vce-do-apply=\"all el-ddfef7ac\"><div class=\"vce-row-content\" data-vce-element-content=\"true\"><div class=\"vce-col vce-col--md-auto vce-col--xs-1 vce-col--xs-last vce-col--xs-first vce-col--sm-last vce-col--sm-first vce-col--md-last vce-col--lg-last vce-col--xl-last vce-col--md-first vce-col--lg-first vce-col--xl-first\" id=\"el-a3666f74\"><div class=\"vce-col-inner\" data-vce-do-apply=\"border margin background  el-a3666f74\"><div class=\"vce-col-content\" data-vce-element-content=\"true\" data-vce-do-apply=\"padding el-a3666f74\"><div class=\"vce-text-block\"><div class=\"vce-text-block-wrapper vce\" id=\"el-dbd0c7bf\" data-vce-do-apply=\"all el-dbd0c7bf\"><p><div role=\"form\" class=\"wpcf7\" id=\"wpcf7-f1337-o1\" lang=\"fr-FR\" dir=\"ltr\">\n<div class=\"screen-reader-response\"><p role=\"status\" aria-live=\"polite\" aria-atomic=\"true\"><\/p> <ul><\/ul><\/div>\n<form action=\"\/en\/wp-json\/wp\/v2\/pages\/1336#wpcf7-f1337-o1\" method=\"post\" class=\"wpcf7-form init\" novalidate=\"novalidate\" data-status=\"init\">\n<div style=\"display: none;\">\n<input type=\"hidden\" name=\"_wpcf7\" value=\"1337\" \/>\n<input type=\"hidden\" name=\"_wpcf7_version\" value=\"5.4\" \/>\n<input type=\"hidden\" name=\"_wpcf7_locale\" value=\"fr_FR\" \/>\n<input type=\"hidden\" name=\"_wpcf7_unit_tag\" value=\"wpcf7-f1337-o1\" \/>\n<input type=\"hidden\" name=\"_wpcf7_container_post\" value=\"0\" \/>\n<input type=\"hidden\" name=\"_wpcf7_posted_data_hash\" value=\"\" \/>\n<input type=\"hidden\" name=\"_wpcf7_recaptcha_response\" value=\"\" \/>\n<\/div>\n<p><label> Votre nom (obligatoire)<br \/>\n    <span class=\"wpcf7-form-control-wrap nameBO-9\"><input type=\"text\" name=\"nameBO-9\" value=\"\" size=\"40\" class=\"wpcf7-form-control wpcf7-text wpcf7-validates-as-required\" aria-required=\"true\" aria-invalid=\"false\" \/><\/span> <\/label><\/p>\n<p><label> Votre adresse de messagerie (obligatoire)<br \/>\n    <span class=\"wpcf7-form-control-wrap emailBO-9\"><input type=\"email\" name=\"emailBO-9\" value=\"\" size=\"40\" class=\"wpcf7-form-control wpcf7-text wpcf7-email wpcf7-validates-as-required wpcf7-validates-as-email\" aria-required=\"true\" aria-invalid=\"false\" \/><\/span> <\/label><\/p>\n<p><label> Objet<br \/>\n    <span class=\"wpcf7-form-control-wrap menuBO-9\"><select name=\"menuBO-9[]\" class=\"wpcf7-form-control wpcf7-select wpcf7-validates-as-required\" aria-required=\"true\" aria-invalid=\"false\" multiple=\"multiple\"><option value=\"Saisie comptable, traitement des \u00e9critures et enregistrement des pi\u00e8ces\">Saisie comptable, traitement des \u00e9critures et enregistrement des pi\u00e8ces<\/option><option value=\"Prestations administratives et fiscales\">Prestations administratives et fiscales<\/option><option value=\"Saisie et Traitement de donn\u00e9es informatiques\">Saisie et Traitement de donn\u00e9es informatiques<\/option><option value=\"Toutes autres missions sp\u00e9cifiques pouvant \u00eatre d\u00e9l\u00e9gu\u00e9e \u00e0 une externe offshore\">Toutes autres missions sp\u00e9cifiques pouvant \u00eatre d\u00e9l\u00e9gu\u00e9e \u00e0 une externe offshore<\/option><option value=\"Mise \u00e0 jour de contenus Wordpress\">Mise \u00e0 jour de contenus Wordpress<\/option><option value=\"Cr\u00e9ation et gestion de sites internet\">Cr\u00e9ation et gestion de sites internet<\/option><option value=\"Assistance et maintenance hotline des sites\">Assistance et maintenance hotline des sites<\/option><\/select><\/span> <\/label><\/p>\n<p><label> Votre message<br \/>\n    <span class=\"wpcf7-form-control-wrap messageBO-9\"><textarea name=\"messageBO-9\" cols=\"40\" rows=\"10\" class=\"wpcf7-form-control wpcf7-textarea\" aria-invalid=\"false\"><\/textarea><\/span> <\/label><\/p>\n<p><input type=\"submit\" value=\"Envoyer\" class=\"wpcf7-form-control wpcf7-submit\" \/><\/p>\n<input type='hidden' class='wpcf7-pum' value='{\"closepopup\":false,\"closedelay\":0,\"openpopup\":false,\"openpopup_id\":0}' \/><div class=\"wpcf7-response-output\" aria-hidden=\"true\"><\/div><\/form><\/div><\/p><\/div><\/div><\/div><\/div><\/div><\/div><\/div><\/div>\n<\/div><\/div>","protected":false},"excerpt":{"rendered":"<p>Nos offresQui sommes nousNos engagementsNos modalit\u00e9sContact<\/p>\n","protected":false},"author":2,"featured_media":0,"parent":0,"menu_order":0,"comment_status":"closed","ping_status":"closed","template":"page-online.php","meta":{"footnotes":""},"_links":{"self":[{"href":"https:\/\/madaservices.com\/en\/wp-json\/wp\/v2\/pages\/1336"}],"collection":[{"href":"https:\/\/madaservices.com\/en\/wp-json\/wp\/v2\/pages"}],"about":[{"href":"https:\/\/madaservices.com\/en\/wp-json\/wp\/v2\/types\/page"}],"author":[{"embeddable":true,"href":"https:\/\/madaservices.com\/en\/wp-json\/wp\/v2\/users\/2"}],"replies":[{"embeddable":true,"href":"https:\/\/madaservices.com\/en\/wp-json\/wp\/v2\/comments?post=1336"}],"version-history":[{"count":5,"href":"https:\/\/madaservices.com\/en\/wp-json\/wp\/v2\/pages\/1336\/revisions"}],"predecessor-version":[{"id":1351,"href":"https:\/\/madaservices.com\/en\/wp-json\/wp\/v2\/pages\/1336\/revisions\/1351"}],"wp:attachment":[{"href":"https:\/\/madaservices.com\/en\/wp-json\/wp\/v2\/media?parent=1336"}],"curies":[{"name":"wp","href":"https:\/\/api.w.org\/{rel}","templated":true}]}}