{"id":1331,"date":"2023-09-07T10:43:54","date_gmt":"2023-09-07T08:43:54","guid":{"rendered":"https:\/\/madaservices.com\/?page_id=1331"},"modified":"2023-09-07T10:43:54","modified_gmt":"2023-09-07T08:43:54","slug":"saisie-comptable-traitement-des-ecritures-et-enregistrement-des-pieces","status":"publish","type":"page","link":"https:\/\/madaservices.com\/en\/saisie-comptable-traitement-des-ecritures-et-enregistrement-des-pieces\/","title":{"rendered":"(Fran\u00e7ais) Saisie comptable, traitement des \u00e9critures et enregistrement des pi\u00e8ces"},"content":{"rendered":"<div id=\"dslc-theme-content\"><div id=\"dslc-theme-content-inner\"><p class=\"qtranxs-available-languages-message qtranxs-available-languages-message-en\">Sorry, this entry is only available in <a href=\"https:\/\/madaservices.com\/fr\/wp-json\/wp\/v2\/pages\/1331\" class=\"qtranxs-available-language-link qtranxs-available-language-link-fr\" title=\"Fran\u00e7ais\">French<\/a>.<\/p><\/div><\/div>","protected":false},"excerpt":{"rendered":"Sorry, this entry is only available in French.","protected":false},"author":2,"featured_media":0,"parent":0,"menu_order":0,"comment_status":"closed","ping_status":"closed","template":"page-online.php","meta":{"footnotes":""},"_links":{"self":[{"href":"https:\/\/madaservices.com\/en\/wp-json\/wp\/v2\/pages\/1331"}],"collection":[{"href":"https:\/\/madaservices.com\/en\/wp-json\/wp\/v2\/pages"}],"about":[{"href":"https:\/\/madaservices.com\/en\/wp-json\/wp\/v2\/types\/page"}],"author":[{"embeddable":true,"href":"https:\/\/madaservices.com\/en\/wp-json\/wp\/v2\/users\/2"}],"replies":[{"embeddable":true,"href":"https:\/\/madaservices.com\/en\/wp-json\/wp\/v2\/comments?post=1331"}],"version-history":[{"count":1,"href":"https:\/\/madaservices.com\/en\/wp-json\/wp\/v2\/pages\/1331\/revisions"}],"predecessor-version":[{"id":1332,"href":"https:\/\/madaservices.com\/en\/wp-json\/wp\/v2\/pages\/1331\/revisions\/1332"}],"wp:attachment":[{"href":"https:\/\/madaservices.com\/en\/wp-json\/wp\/v2\/media?parent=1331"}],"curies":[{"name":"wp","href":"https:\/\/api.w.org\/{rel}","templated":true}]}}