{"id":1317,"date":"2023-09-07T10:22:10","date_gmt":"2023-09-07T08:22:10","guid":{"rendered":"https:\/\/madaservices.com\/?page_id=1317"},"modified":"2023-09-07T10:26:00","modified_gmt":"2023-09-07T08:26:00","slug":"toutes-autres-missions-specifiques-pouvant-etre-deleguee-a-une-externe-offshore","status":"publish","type":"page","link":"https:\/\/madaservices.com\/en\/toutes-autres-missions-specifiques-pouvant-etre-deleguee-a-une-externe-offshore\/","title":{"rendered":"(Fran\u00e7ais) Toutes autres missions sp\u00e9cifiques pouvant \u00eatre d\u00e9l\u00e9gu\u00e9e \u00e0 une externe offshore"},"content":{"rendered":"<div id=\"dslc-theme-content\"><div id=\"dslc-theme-content-inner\"><p class=\"qtranxs-available-languages-message qtranxs-available-languages-message-en\">Sorry, this entry is only available in <a href=\"https:\/\/madaservices.com\/fr\/wp-json\/wp\/v2\/pages\/1317\" class=\"qtranxs-available-language-link qtranxs-available-language-link-fr\" title=\"Fran\u00e7ais\">French<\/a>.<\/p><\/div><\/div>","protected":false},"excerpt":{"rendered":"Sorry, this entry is only available in French.","protected":false},"author":2,"featured_media":0,"parent":0,"menu_order":0,"comment_status":"closed","ping_status":"closed","template":"page-online.php","meta":{"footnotes":""},"_links":{"self":[{"href":"https:\/\/madaservices.com\/en\/wp-json\/wp\/v2\/pages\/1317"}],"collection":[{"href":"https:\/\/madaservices.com\/en\/wp-json\/wp\/v2\/pages"}],"about":[{"href":"https:\/\/madaservices.com\/en\/wp-json\/wp\/v2\/types\/page"}],"author":[{"embeddable":true,"href":"https:\/\/madaservices.com\/en\/wp-json\/wp\/v2\/users\/2"}],"replies":[{"embeddable":true,"href":"https:\/\/madaservices.com\/en\/wp-json\/wp\/v2\/comments?post=1317"}],"version-history":[{"count":1,"href":"https:\/\/madaservices.com\/en\/wp-json\/wp\/v2\/pages\/1317\/revisions"}],"predecessor-version":[{"id":1318,"href":"https:\/\/madaservices.com\/en\/wp-json\/wp\/v2\/pages\/1317\/revisions\/1318"}],"wp:attachment":[{"href":"https:\/\/madaservices.com\/en\/wp-json\/wp\/v2\/media?parent=1317"}],"curies":[{"name":"wp","href":"https:\/\/api.w.org\/{rel}","templated":true}]}}