{"id":1042,"date":"2023-08-10T23:28:11","date_gmt":"2023-08-10T21:28:11","guid":{"rendered":"https:\/\/madaservices.com\/?page_id=1042"},"modified":"2025-02-06T08:57:39","modified_gmt":"2025-02-06T07:57:39","slug":"qui-sommes-nous-2","status":"publish","type":"page","link":"https:\/\/madaservices.com\/en\/prestation-online\/qui-sommes-nous-2\/","title":{"rendered":"Qui sommes-nous"},"content":{"rendered":"<div id=\"dslc-theme-content\"><div id=\"dslc-theme-content-inner\"><div class=\"vce-row-container\" data-vce-boxed-width=\"true\"><div class=\"vce-row vce-row--col-gap-30 vce-row-equal-height vce-row-content--top\" id=\"el-d7266907\" data-vce-do-apply=\"all el-d7266907\"><div class=\"vce-row-content\" data-vce-element-content=\"true\"><div class=\"vce-col vce-col--md-auto vce-col--xs-1 vce-col--xs-last vce-col--xs-first vce-col--sm-last vce-col--sm-first vce-col--md-last vce-col--lg-last vce-col--xl-last vce-col--md-first vce-col--lg-first vce-col--xl-first\" id=\"el-d7dcf51c\"><div class=\"vce-col-inner\" data-vce-do-apply=\"border margin background  el-d7dcf51c\"><div class=\"vce-col-content\" data-vce-element-content=\"true\" data-vce-do-apply=\"padding el-d7dcf51c\"><div class=\"vce-row-container\" data-vce-boxed-width=\"true\"><div class=\"vce-row vce-row--col-gap-30 vce-row-equal-height vce-row-content--top\" id=\"el-62f75ed0\" data-vce-do-apply=\"all el-62f75ed0\"><div class=\"vce-row-content\" data-vce-element-content=\"true\"><div class=\"vce-col vce-col--md-auto vce-col--xs-1 vce-col--xs-last vce-col--xs-first vce-col--sm-last vce-col--sm-first vce-col--md-first vce-col--lg-first vce-col--xl-first\" id=\"el-cc537a99\"><div class=\"vce-col-inner\" data-vce-do-apply=\"border margin background  el-cc537a99\"><div class=\"vce-col-content\" data-vce-element-content=\"true\" data-vce-do-apply=\"padding el-cc537a99\"><div class=\"vce-button--style-basic-container vce-button--style-basic-container--align-center\"><span class=\"vce-button--style-basic-wrapper vce\" id=\"el-33a521b5\" data-vce-do-apply=\"margin el-33a521b5\"><a class=\"vce-button--style-basic vce-button--style-basic--border-rounded vce-button--style-basic--size-medium vce-button--style-basic--color-557cbf--fff\" href=\"https:\/\/madaservices.com\/Nos-offres\/\" title=\"\" data-vce-do-apply=\"padding border background  el-33a521b5\">Nos offres<\/a><\/span><\/div><\/div><\/div><\/div><div class=\"vce-col vce-col--md-auto vce-col--xs-1 vce-col--xs-last vce-col--xs-first vce-col--sm-last vce-col--sm-first\" id=\"el-f0330f39\"><div class=\"vce-col-inner\" data-vce-do-apply=\"border margin background  el-f0330f39\"><div class=\"vce-col-content\" data-vce-element-content=\"true\" data-vce-do-apply=\"padding el-f0330f39\"><div class=\"vce-button--style-basic-container vce-button--style-basic-container--align-center\"><span class=\"vce-button--style-basic-wrapper vce\" id=\"el-df4e4e4c\" data-vce-do-apply=\"margin el-df4e4e4c\"><a class=\"vce-button--style-basic vce-button--style-basic--border-rounded vce-button--style-basic--size-medium vce-button--style-basic--color-557cbf--fff\" href=\"https:\/\/madaservices.com\/prestetion-online\/qui-sommes-nous-2\/\" title=\"\" data-vce-do-apply=\"padding border background  el-df4e4e4c\">Qui sommes nous<\/a><\/span><\/div><\/div><\/div><\/div><div class=\"vce-col vce-col--md-auto vce-col--xs-1 vce-col--xs-last vce-col--xs-first vce-col--sm-last vce-col--sm-first\" id=\"el-49091485\"><div class=\"vce-col-inner\" data-vce-do-apply=\"border margin background  el-49091485\"><div class=\"vce-col-content\" data-vce-element-content=\"true\" data-vce-do-apply=\"padding el-49091485\"><div class=\"vce-button--style-basic-container vce-button--style-basic-container--align-center\"><span class=\"vce-button--style-basic-wrapper vce\" id=\"el-91c796a6\" data-vce-do-apply=\"margin el-91c796a6\"><a class=\"vce-button--style-basic vce-button--style-basic--border-rounded vce-button--style-basic--size-medium vce-button--style-basic--color-557cbf--fff\" href=\"https:\/\/madaservices.com\/prestetion-online\/nos-engagements\/\" title=\"\" data-vce-do-apply=\"padding border background  el-91c796a6\">Nos engagements<\/a><\/span><\/div><\/div><\/div><\/div><div class=\"vce-col vce-col--md-auto vce-col--xs-1 vce-col--xs-last vce-col--xs-first vce-col--sm-last vce-col--sm-first\" id=\"el-1820cfde\"><div class=\"vce-col-inner\" data-vce-do-apply=\"border margin background  el-1820cfde\"><div class=\"vce-col-content\" data-vce-element-content=\"true\" data-vce-do-apply=\"padding el-1820cfde\"><div class=\"vce-button--style-basic-container vce-button--style-basic-container--align-center\"><span class=\"vce-button--style-basic-wrapper vce\" id=\"el-6a763221\" data-vce-do-apply=\"margin el-6a763221\"><a class=\"vce-button--style-basic vce-button--style-basic--border-rounded vce-button--style-basic--size-medium vce-button--style-basic--color-557cbf--fff\" href=\"https:\/\/madaservices.com\/prestetion-online\/nos-modalites\/\" title=\"\" data-vce-do-apply=\"padding border background  el-6a763221\">Nos modalites<\/a><\/span><\/div><\/div><\/div><\/div><div class=\"vce-col vce-col--md-auto vce-col--xs-1 vce-col--xs-last vce-col--xs-first vce-col--sm-last vce-col--sm-first vce-col--md-last vce-col--lg-last vce-col--xl-last\" id=\"el-8f79c78c\"><div class=\"vce-col-inner\" data-vce-do-apply=\"border margin background  el-8f79c78c\"><div class=\"vce-col-content\" data-vce-element-content=\"true\" data-vce-do-apply=\"padding el-8f79c78c\"><div class=\"vce-button--style-basic-container vce-button--style-basic-container--align-center\"><span class=\"vce-button--style-basic-wrapper vce\" id=\"el-3bcbcf07\" data-vce-do-apply=\"margin el-3bcbcf07\"><a class=\"vce-button--style-basic vce-button--style-basic--border-rounded vce-button--style-basic--size-medium vce-button--style-basic--color-557cbf--fff\" href=\"https:\/\/madaservices.com\/contact-2\/\" title=\"\" data-vce-do-apply=\"padding border background  el-3bcbcf07\">Contact<\/a><\/span><\/div><\/div><\/div><\/div><\/div><\/div><\/div><\/div><\/div><\/div><\/div><\/div><\/div><div class=\"vce-row-container\" data-vce-boxed-width=\"true\"><div class=\"vce-row vce-row--col-gap-30 vce-row-equal-height vce-row-content--top\" id=\"el-eb3aa4a8\" data-vce-do-apply=\"all el-eb3aa4a8\"><div class=\"vce-row-content\" data-vce-element-content=\"true\"><div class=\"vce-col vce-col--md-auto vce-col--xs-1 vce-col--xs-last vce-col--xs-first vce-col--sm-last vce-col--sm-first vce-col--md-last vce-col--lg-last vce-col--xl-last vce-col--md-first vce-col--lg-first vce-col--xl-first\" id=\"el-16b6d993\"><div class=\"vce-col-inner\" data-vce-do-apply=\"border margin background  el-16b6d993\"><div class=\"vce-col-content\" data-vce-element-content=\"true\" data-vce-do-apply=\"padding el-16b6d993\"><div class=\"vce-row-container\" data-vce-boxed-width=\"true\"><div class=\"vce-row vce-row--col-gap-30 vce-row-equal-height vce-row-content--top\" id=\"el-62b52169\" data-vce-do-apply=\"all el-62b52169\"><div class=\"vce-row-content\" data-vce-element-content=\"true\"><div class=\"vce-col vce-col--md-auto vce-col--xs-1 vce-col--xs-last vce-col--xs-first vce-col--sm-last vce-col--sm-first vce-col--md-last vce-col--lg-last vce-col--xl-last vce-col--md-first vce-col--lg-first vce-col--xl-first\" id=\"el-355eb79d\"><div class=\"vce-col-inner\" data-vce-do-apply=\"border margin background  el-355eb79d\"><div class=\"vce-content-background-container\"><\/div><div class=\"vce-col-content\" data-vce-element-content=\"true\" data-vce-do-apply=\"padding el-355eb79d\"><div class=\"vce-text-block\"><div class=\"vce-text-block-wrapper vce\" id=\"el-f8ca4cf5\" data-vce-do-apply=\"all el-f8ca4cf5\"><h2 class=\"wp-block-heading has-very-light-gray-color has-text-color\">CMC Madagascar<\/h2><\/div><\/div><div class=\"vce-row-container\" data-vce-boxed-width=\"true\"><div class=\"vce-row vce-element--has-background vce-row--col-gap-30 vce-row-equal-height vce-row-content--top\" id=\"el-abe2b946\" data-vce-do-apply=\"all el-abe2b946\" vce-box-shadow=\"el-abe2b946\"><div class=\"vce-content-background-container\"><\/div><div class=\"vce-row-content\" data-vce-element-content=\"true\"><div class=\"vce-col vce-col--md-auto vce-col--xs-1 vce-col--xs-last vce-col--xs-first vce-col--sm-last vce-col--sm-first vce-col--md-last vce-col--lg-last vce-col--xl-last vce-col--md-first vce-col--lg-first vce-col--xl-first\" id=\"el-7c6c6646\"><div class=\"vce-col-inner\" data-vce-do-apply=\"border margin background  el-7c6c6646\"><div class=\"vce-col-content\" data-vce-element-content=\"true\" data-vce-do-apply=\"padding el-7c6c6646\"><div class=\"vce-text-block\"><div class=\"vce-text-block-wrapper vce\" id=\"el-c366b68f\" data-vce-do-apply=\"all el-c366b68f\"><h2><span style=\"font-weight: 400; font-style: normal; font-size: 12pt; color: #333333;\"><strong>CMC Madagascar, filiale d\u2019un cabinet de conseil fran\u00e7ais (CMC) porte ses missions sur le territoire malgache.<\/strong><\/span><\/h2>\n<div class=\"wp-block-columns\">\n<div class=\"wp-block-column\">\n<p class=\"has-white-color has-text-color\"><span style=\"color: #333333;\"><strong>Elle est compos\u00e9e d\u2019une jeune \u00e9quipe de talents polyvalents.<\/strong><\/span><\/p>\n<p class=\"has-white-color has-text-color\"><span style=\"color: #333333;\"><strong>Des entreprises ont sollicit\u00e9s les interventions online de MadaServices pour effectuer des missions sp\u00e9cifiques de back-office, de gestion de site internet, de comptabilit\u00e9 et des prestations d\u2019externalisation de saisie de donn\u00e9es.<\/strong><\/span><\/p>\n<\/div>\n<\/div><\/div><\/div><\/div><\/div><\/div><\/div><\/div><\/div><\/div><\/div><\/div><\/div><\/div><\/div><div class=\"vce-row-container\" data-vce-boxed-width=\"true\"><div class=\"vce-row vce-row--col-gap-30 vce-row-equal-height vce-row-content--top\" id=\"el-55b839ed\" data-vce-do-apply=\"all el-55b839ed\"><div class=\"vce-content-background-container\"><\/div><div class=\"vce-row-content\" data-vce-element-content=\"true\"><div class=\"vce-col vce-col--md-auto vce-col--xs-1 vce-col--xs-last vce-col--xs-first vce-col--sm-last vce-col--sm-first vce-col--md-last vce-col--lg-last vce-col--xl-last vce-col--md-first vce-col--lg-first vce-col--xl-first\" id=\"el-fab2d0f9\"><div class=\"vce-col-inner\" data-vce-do-apply=\"border margin background  el-fab2d0f9\"><div class=\"vce-content-background-container\"><\/div><div class=\"vce-col-content\" data-vce-element-content=\"true\" data-vce-do-apply=\"padding el-fab2d0f9\"><div class=\"vce-text-block\"><div class=\"vce-text-block-wrapper vce\" id=\"el-2494166a\" data-vce-do-apply=\"all el-2494166a\"><h2 class=\"wp-block-heading has-very-light-gray-color has-text-color\">MadaServices online<\/h2><\/div><\/div><div class=\"vce-row-container\" data-vce-boxed-width=\"true\"><div class=\"vce-row vce-row--has-col-background vce-row--col-gap-30 vce-row-equal-height vce-row-content--top\" id=\"el-47659455\" data-vce-do-apply=\"all el-47659455\"><div class=\"vce-row-content\" data-vce-element-content=\"true\"><div class=\"vce-col vce-element--has-background vce-col--md-auto vce-col--xs-1 vce-col--xs-last vce-col--xs-first vce-col--sm-last vce-col--sm-first vce-col--md-first vce-col--lg-first vce-col--xl-first\" id=\"el-02066ffa\"><div class=\"vce-col-inner\" data-vce-do-apply=\"border margin background  el-02066ffa\" vce-box-shadow=\"el-02066ffa\"><div class=\"vce-content-background-container\"><\/div><div class=\"vce-col-content\" data-vce-element-content=\"true\" data-vce-do-apply=\"padding el-02066ffa\"><div class=\"vce-text-block\"><div class=\"vce-text-block-wrapper vce\" id=\"el-0d677014\" data-vce-do-apply=\"all el-0d677014\"><p><span style=\"color: #ffffff;\">C\u2019est dans cette optique que MadaServices a \u00e9t\u00e9 cr\u00e9\u00e9 pour \u00e9voluer sp\u00e9cifiquement dans le domaine de prestations de services online de CMC Madagascar qui se traduit par des activit\u00e9s de Back-office, d\u2019aide et support \u00e0 distance, sur les prestations d\u2019externalisation de saisie comptable ainsi que la gestion de sites internet sp\u00e9cifiques. L\u2019\u00e9quipe MadaServices a acquis des exp\u00e9riences et des comp\u00e9tences durant l\u2019ex\u00e9cution de ses diverses missions et met cela \u00e0 disposition aux entreprises qui en ressentent le besoin.<\/span><\/p><\/div><\/div><\/div><\/div><\/div><div class=\"vce-col vce-element--has-background vce-col--md-auto vce-col--xs-1 vce-col--xs-last vce-col--xs-first vce-col--sm-last vce-col--sm-first vce-col--md-last vce-col--lg-last vce-col--xl-last\" id=\"el-8d386adc\"><div class=\"vce-col-inner\" data-vce-do-apply=\"border margin background  el-8d386adc\" vce-box-shadow=\"el-8d386adc\"><div class=\"vce-content-background-container\"><\/div><div class=\"vce-col-content\" data-vce-element-content=\"true\" data-vce-do-apply=\"padding el-8d386adc\"><div class=\"vce-text-block\"><div class=\"vce-text-block-wrapper vce\" id=\"el-746ef268\" data-vce-do-apply=\"all el-746ef268\"><p><span style=\"color: #ffffff;\">A travers ses exp\u00e9riences, l\u2019\u00e9quipe a acquis des valeurs professionnelles telles que le s\u00e9rieux et le professionnalisme tout au long de ses missions. C\u2019est pourquoi, l\u2019\u00e9quipe est en mesure d\u2019offrir une qualit\u00e9 de service optimale et \u00e0 se mobiliser pour proposer une efficacit\u00e9 de production en r\u00e9ponse aux exigences des entreprises qui peuvent ainsi se lib\u00e9rer de t\u00e2ches annexes pour renforcer leur performance sur leur c\u0153ur de m\u00e9tier \u00e0 moindre co\u00fbt.<\/span><\/p><\/div><\/div><\/div><\/div><\/div><\/div><\/div><\/div><\/div><\/div><\/div><\/div><\/div><\/div><div class=\"vce vce-separator-container vce-separator--align-center vce-separator--style-solid\" id=\"el-171ba689\" data-vce-do-apply=\"margin el-171ba689\"><div class=\"vce-separator vce-separator--color-bfc0c1 vce-separator--width-73 vce-separator--thickness-1\" data-vce-do-apply=\"border padding background  el-171ba689\"><\/div><\/div><\/div><\/div><\/div><\/div><\/div><\/div>\n<\/div><\/div>","protected":false},"excerpt":{"rendered":"<p>Nos offresQui sommes nousNos engagementsNos modalitesContactCMC MadagascarCMC Madagascar, filiale d\u2019un cabinet de conseil fran\u00e7ais (CMC) porte ses missions sur le<a href=\"https:\/\/madaservices.com\/en\/prestation-online\/qui-sommes-nous-2\/\" class=\"read-more\">Continue Reading<\/a><\/p>\n","protected":false},"author":2,"featured_media":0,"parent":1054,"menu_order":0,"comment_status":"closed","ping_status":"closed","template":"page-online.php","meta":{"footnotes":""},"_links":{"self":[{"href":"https:\/\/madaservices.com\/en\/wp-json\/wp\/v2\/pages\/1042"}],"collection":[{"href":"https:\/\/madaservices.com\/en\/wp-json\/wp\/v2\/pages"}],"about":[{"href":"https:\/\/madaservices.com\/en\/wp-json\/wp\/v2\/types\/page"}],"author":[{"embeddable":true,"href":"https:\/\/madaservices.com\/en\/wp-json\/wp\/v2\/users\/2"}],"replies":[{"embeddable":true,"href":"https:\/\/madaservices.com\/en\/wp-json\/wp\/v2\/comments?post=1042"}],"version-history":[{"count":20,"href":"https:\/\/madaservices.com\/en\/wp-json\/wp\/v2\/pages\/1042\/revisions"}],"predecessor-version":[{"id":1385,"href":"https:\/\/madaservices.com\/en\/wp-json\/wp\/v2\/pages\/1042\/revisions\/1385"}],"up":[{"embeddable":true,"href":"https:\/\/madaservices.com\/en\/wp-json\/wp\/v2\/pages\/1054"}],"wp:attachment":[{"href":"https:\/\/madaservices.com\/en\/wp-json\/wp\/v2\/media?parent=1042"}],"curies":[{"name":"wp","href":"https:\/\/api.w.org\/{rel}","templated":true}]}}