{"id":1038,"date":"2023-08-10T21:37:04","date_gmt":"2023-08-10T19:37:04","guid":{"rendered":"https:\/\/madaservices.com\/?page_id=1038"},"modified":"2025-02-06T09:08:51","modified_gmt":"2025-02-06T08:08:51","slug":"nos-engagements","status":"publish","type":"page","link":"https:\/\/madaservices.com\/en\/prestation-online\/nos-engagements\/","title":{"rendered":"Nos engagements"},"content":{"rendered":"<div id=\"dslc-theme-content\"><div id=\"dslc-theme-content-inner\"><div class=\"vce-row-container\" data-vce-boxed-width=\"true\"><div class=\"vce-row vce-row--col-gap-30 vce-row-equal-height vce-row-content--top\" id=\"el-0cb49949\" data-vce-do-apply=\"all el-0cb49949\"><div class=\"vce-row-content\" data-vce-element-content=\"true\"><div class=\"vce-col vce-col--md-auto vce-col--xs-1 vce-col--xs-last vce-col--xs-first vce-col--sm-last vce-col--sm-first vce-col--md-last vce-col--lg-last vce-col--xl-last vce-col--md-first vce-col--lg-first vce-col--xl-first\" id=\"el-b9eee36c\"><div class=\"vce-col-inner\" data-vce-do-apply=\"border margin background  el-b9eee36c\"><div class=\"vce-col-content\" data-vce-element-content=\"true\" data-vce-do-apply=\"padding el-b9eee36c\"><div class=\"vce-row-container\" data-vce-boxed-width=\"true\"><div class=\"vce-row vce-row--col-gap-30 vce-row-equal-height vce-row-content--top\" id=\"el-03c12280\" data-vce-do-apply=\"all el-03c12280\"><div class=\"vce-row-content\" data-vce-element-content=\"true\"><div class=\"vce-col vce-col--md-auto vce-col--xs-1 vce-col--xs-last vce-col--xs-first vce-col--sm-last vce-col--sm-first vce-col--md-first vce-col--lg-first vce-col--xl-first\" id=\"el-fe6b97cb\"><div class=\"vce-col-inner\" data-vce-do-apply=\"border margin background  el-fe6b97cb\"><div class=\"vce-col-content\" data-vce-element-content=\"true\" data-vce-do-apply=\"padding el-fe6b97cb\"><div class=\"vce-button--style-basic-container vce-button--style-basic-container--align-center\"><span class=\"vce-button--style-basic-wrapper vce\" id=\"el-37c4a4a6\" data-vce-do-apply=\"margin el-37c4a4a6\"><a class=\"vce-button--style-basic vce-button--style-basic--border-rounded vce-button--style-basic--size-medium vce-button--style-basic--color-557cbf--fff\" href=\"http:\/\/madaservices.com\/Nos-offres\/\" title=\"\" data-vce-do-apply=\"padding border background  el-37c4a4a6\">Nos offres<\/a><\/span><\/div><\/div><\/div><\/div><div class=\"vce-col vce-col--md-auto vce-col--xs-1 vce-col--xs-last vce-col--xs-first vce-col--sm-last vce-col--sm-first\" id=\"el-623d5c76\"><div class=\"vce-col-inner\" data-vce-do-apply=\"border margin background  el-623d5c76\"><div class=\"vce-col-content\" data-vce-element-content=\"true\" data-vce-do-apply=\"padding el-623d5c76\"><div class=\"vce-button--style-basic-container vce-button--style-basic-container--align-center\"><span class=\"vce-button--style-basic-wrapper vce\" id=\"el-2baee04f\" data-vce-do-apply=\"margin el-2baee04f\"><a class=\"vce-button--style-basic vce-button--style-basic--border-rounded vce-button--style-basic--size-medium vce-button--style-basic--color-557cbf--fff\" href=\"https:\/\/madaservices.com\/prestetion-online\/qui-sommes-nous-2\/\" title=\"\" data-vce-do-apply=\"padding border background  el-2baee04f\">Qui sommes nous<\/a><\/span><\/div><\/div><\/div><\/div><div class=\"vce-col vce-col--md-auto vce-col--xs-1 vce-col--xs-last vce-col--xs-first vce-col--sm-last vce-col--sm-first\" id=\"el-c644fbc1\"><div class=\"vce-col-inner\" data-vce-do-apply=\"border margin background  el-c644fbc1\"><div class=\"vce-col-content\" data-vce-element-content=\"true\" data-vce-do-apply=\"padding el-c644fbc1\"><div class=\"vce-button--style-basic-container vce-button--style-basic-container--align-center\"><span class=\"vce-button--style-basic-wrapper vce\" id=\"el-68f17a41\" data-vce-do-apply=\"margin el-68f17a41\"><a class=\"vce-button--style-basic vce-button--style-basic--border-rounded vce-button--style-basic--size-medium vce-button--style-basic--color-557cbf--fff\" href=\"https:\/\/madaservices.com\/prestetion-online\/nos-engagements\/\" title=\"\" data-vce-do-apply=\"padding border background  el-68f17a41\">Nos engagements<\/a><\/span><\/div><\/div><\/div><\/div><div class=\"vce-col vce-col--md-auto vce-col--xs-1 vce-col--xs-last vce-col--xs-first vce-col--sm-last vce-col--sm-first\" id=\"el-8f6d12dc\"><div class=\"vce-col-inner\" data-vce-do-apply=\"border margin background  el-8f6d12dc\"><div class=\"vce-col-content\" data-vce-element-content=\"true\" data-vce-do-apply=\"padding el-8f6d12dc\"><div class=\"vce-button--style-basic-container vce-button--style-basic-container--align-center\"><span class=\"vce-button--style-basic-wrapper vce\" id=\"el-a6167f9d\" data-vce-do-apply=\"margin el-a6167f9d\"><a class=\"vce-button--style-basic vce-button--style-basic--border-rounded vce-button--style-basic--size-medium vce-button--style-basic--color-557cbf--fff\" href=\"https:\/\/madaservices.com\/prestetion-online\/nos-modalites\/\" title=\"\" data-vce-do-apply=\"padding border background  el-a6167f9d\">Nos modalit\u00e9s<\/a><\/span><\/div><\/div><\/div><\/div><div class=\"vce-col vce-col--md-auto vce-col--xs-1 vce-col--xs-last vce-col--xs-first vce-col--sm-last vce-col--sm-first vce-col--md-last vce-col--lg-last vce-col--xl-last\" id=\"el-822a455f\"><div class=\"vce-col-inner\" data-vce-do-apply=\"border margin background  el-822a455f\"><div class=\"vce-col-content\" data-vce-element-content=\"true\" data-vce-do-apply=\"padding el-822a455f\"><div class=\"vce-button--style-basic-container vce-button--style-basic-container--align-center\"><span class=\"vce-button--style-basic-wrapper vce\" id=\"el-cc6ce4af\" data-vce-do-apply=\"margin el-cc6ce4af\"><a class=\"vce-button--style-basic vce-button--style-basic--border-rounded vce-button--style-basic--size-medium vce-button--style-basic--color-557cbf--fff\" href=\"https:\/\/madaservices.com\/contact-2\/\" title=\"\" data-vce-do-apply=\"padding border background  el-cc6ce4af\">Contact<\/a><\/span><\/div><\/div><\/div><\/div><\/div><\/div><\/div><\/div><\/div><\/div><\/div><\/div><\/div><div class=\"vce-row-container\" data-vce-boxed-width=\"true\"><div class=\"vce-row vce-row--has-col-background vce-row--col-gap-30 vce-row-equal-height vce-row-content--top\" id=\"el-9e15f637\" data-vce-do-apply=\"all el-9e15f637\"><div class=\"vce-content-background-container\"><\/div><div class=\"vce-row-content\" data-vce-element-content=\"true\"><div class=\"vce-col vce-element--has-background vce-col--md-auto vce-col--xs-1 vce-col--xs-last vce-col--xs-first vce-col--sm-last vce-col--sm-first vce-col--md-last vce-col--lg-last vce-col--xl-last vce-col--md-first vce-col--lg-first vce-col--xl-first\" id=\"el-8619eaf8\"><div class=\"vce-col-inner\" data-vce-do-apply=\"border margin background  el-8619eaf8\" vce-box-shadow=\"el-8619eaf8\"><div class=\"vce-content-background-container\"><\/div><div class=\"vce-col-content\" data-vce-element-content=\"true\" data-vce-do-apply=\"padding el-8619eaf8\"><div class=\"vce-text-block\"><div class=\"vce-text-block-wrapper vce\" id=\"el-7255d093\" data-vce-do-apply=\"all el-7255d093\"><p><span style=\"color: #ffffff;\">L\u2019\u00e9quipe est en mesure de se mobiliser pour proposer une efficacit\u00e9 de production en r\u00e9ponse aux exigences des entreprises qui peuvent ainsi se lib\u00e9rer de t\u00e2ches annexes pour renforcer leur performance sur leur c\u0153ur de m\u00e9tier \u00e0 moindre co\u00fbt.<\/span><\/p><\/div><\/div><\/div><\/div><\/div><\/div><\/div><\/div><div class=\"vce-row-container\" data-vce-boxed-width=\"true\"><div class=\"vce-row vce-row--has-col-background vce-row--col-gap-30 vce-row-equal-height vce-row-content--top\" id=\"el-d3696245\" data-vce-do-apply=\"all el-d3696245\"><div class=\"vce-row-content\" data-vce-element-content=\"true\"><div class=\"vce-col vce-element--has-background vce-col--md-auto vce-col--xs-1 vce-col--xs-last vce-col--xs-first vce-col--sm-last vce-col--sm-first vce-col--md-last vce-col--lg-last vce-col--xl-last vce-col--md-first vce-col--lg-first vce-col--xl-first\" id=\"el-4c0e3517\"><div class=\"vce-col-inner\" data-vce-do-apply=\"border margin background  el-4c0e3517\" vce-box-shadow=\"el-4c0e3517\"><div class=\"vce-content-background-container\"><\/div><div class=\"vce-col-content\" data-vce-element-content=\"true\" data-vce-do-apply=\"padding el-4c0e3517\"><div class=\"vce-text-block\"><div class=\"vce-text-block-wrapper vce\" id=\"el-31ac1fd9\" data-vce-do-apply=\"all el-31ac1fd9\"><p><strong>QUALIT\u00c9 : Capacit\u00e9 de se mettre en conformit\u00e9 aux exigences et aux enjeux.<\/strong><\/p><p><strong>RESPECT : Des engagements sur le cahier des charges, les d\u00e9lais, le niveau de qualit\u00e9 demand\u00e9 et des r\u00e8gles de confidentialit\u00e9.<\/strong><\/p><p><strong>TRANSPARENCE : Suivi permanent et interactif \u00e0 tout moment du d\u00e9roulement de la mission<\/strong><\/p><\/div><\/div><\/div><\/div><\/div><\/div><\/div><\/div>\n<\/div><\/div>","protected":false},"excerpt":{"rendered":"<p>Nos offresQui sommes nousNos engagementsNos modalit\u00e9sContactL\u2019\u00e9quipe est en mesure de se mobiliser pour proposer une efficacit\u00e9 de production en r\u00e9ponse<a href=\"https:\/\/madaservices.com\/en\/prestation-online\/nos-engagements\/\" class=\"read-more\">Continue Reading<\/a><\/p>\n","protected":false},"author":2,"featured_media":0,"parent":1054,"menu_order":0,"comment_status":"closed","ping_status":"closed","template":"page-online.php","meta":{"footnotes":""},"_links":{"self":[{"href":"https:\/\/madaservices.com\/en\/wp-json\/wp\/v2\/pages\/1038"}],"collection":[{"href":"https:\/\/madaservices.com\/en\/wp-json\/wp\/v2\/pages"}],"about":[{"href":"https:\/\/madaservices.com\/en\/wp-json\/wp\/v2\/types\/page"}],"author":[{"embeddable":true,"href":"https:\/\/madaservices.com\/en\/wp-json\/wp\/v2\/users\/2"}],"replies":[{"embeddable":true,"href":"https:\/\/madaservices.com\/en\/wp-json\/wp\/v2\/comments?post=1038"}],"version-history":[{"count":14,"href":"https:\/\/madaservices.com\/en\/wp-json\/wp\/v2\/pages\/1038\/revisions"}],"predecessor-version":[{"id":1386,"href":"https:\/\/madaservices.com\/en\/wp-json\/wp\/v2\/pages\/1038\/revisions\/1386"}],"up":[{"embeddable":true,"href":"https:\/\/madaservices.com\/en\/wp-json\/wp\/v2\/pages\/1054"}],"wp:attachment":[{"href":"https:\/\/madaservices.com\/en\/wp-json\/wp\/v2\/media?parent=1038"}],"curies":[{"name":"wp","href":"https:\/\/api.w.org\/{rel}","templated":true}]}}