{"id":1029,"date":"2023-08-10T15:18:29","date_gmt":"2023-08-10T13:18:29","guid":{"rendered":"https:\/\/madaservices.com\/?page_id=1029"},"modified":"2025-02-06T09:10:47","modified_gmt":"2025-02-06T08:10:47","slug":"nos-modalites","status":"publish","type":"page","link":"https:\/\/madaservices.com\/en\/prestation-online\/nos-modalites\/","title":{"rendered":"Nos modalit\u00e9s"},"content":{"rendered":"<div id=\"dslc-theme-content\"><div id=\"dslc-theme-content-inner\"><div class=\"vce-row-container\" data-vce-boxed-width=\"true\"><div class=\"vce-row vce-row--col-gap-30 vce-row-equal-height vce-row-content--top\" id=\"el-23cdb18f\" data-vce-do-apply=\"all el-23cdb18f\"><div class=\"vce-row-content\" data-vce-element-content=\"true\"><div class=\"vce-col vce-col--md-auto vce-col--xs-1 vce-col--xs-last vce-col--xs-first vce-col--sm-last vce-col--sm-first vce-col--md-last vce-col--lg-last vce-col--xl-last vce-col--md-first vce-col--lg-first vce-col--xl-first\" id=\"el-12956202\"><div class=\"vce-col-inner\" data-vce-do-apply=\"border margin background  el-12956202\"><div class=\"vce-col-content\" data-vce-element-content=\"true\" data-vce-do-apply=\"padding el-12956202\"><div class=\"vce-row-container\" data-vce-boxed-width=\"true\"><div class=\"vce-row vce-row--col-gap-30 vce-row-equal-height vce-row-content--top\" id=\"el-348fcca9\" data-vce-do-apply=\"all el-348fcca9\"><div class=\"vce-row-content\" data-vce-element-content=\"true\"><div class=\"vce-col vce-col--md-auto vce-col--xs-1 vce-col--xs-last vce-col--xs-first vce-col--sm-last vce-col--sm-first vce-col--md-first vce-col--lg-first vce-col--xl-first\" id=\"el-54b25f5e\"><div class=\"vce-col-inner\" data-vce-do-apply=\"border margin background  el-54b25f5e\"><div class=\"vce-col-content\" data-vce-element-content=\"true\" data-vce-do-apply=\"padding el-54b25f5e\"><div class=\"vce-button--style-basic-container vce-button--style-basic-container--align-center\"><span class=\"vce-button--style-basic-wrapper vce\" id=\"el-aa57f6a5\" data-vce-do-apply=\"margin el-aa57f6a5\"><a class=\"vce-button--style-basic vce-button--style-basic--border-rounded vce-button--style-basic--size-medium vce-button--style-basic--color-557cbf--fff\" href=\"https:\/\/madaservices.com\/Nos-offres\/\" title=\"\" data-vce-do-apply=\"padding border background  el-aa57f6a5\">Nos offres<\/a><\/span><\/div><\/div><\/div><\/div><div class=\"vce-col vce-col--md-auto vce-col--xs-1 vce-col--xs-last vce-col--xs-first vce-col--sm-last vce-col--sm-first\" id=\"el-cc5d9679\"><div class=\"vce-col-inner\" data-vce-do-apply=\"border margin background  el-cc5d9679\"><div class=\"vce-col-content\" data-vce-element-content=\"true\" data-vce-do-apply=\"padding el-cc5d9679\"><div class=\"vce-button--style-basic-container vce-button--style-basic-container--align-center\"><span class=\"vce-button--style-basic-wrapper vce\" id=\"el-42a9e920\" data-vce-do-apply=\"margin el-42a9e920\"><a class=\"vce-button--style-basic vce-button--style-basic--border-rounded vce-button--style-basic--size-medium vce-button--style-basic--color-557cbf--fff\" href=\"https:\/\/madaservices.com\/prestetion-online\/qui-sommes-nous-2\/\" title=\"\" data-vce-do-apply=\"padding border background  el-42a9e920\">Qui sommes nous<\/a><\/span><\/div><\/div><\/div><\/div><div class=\"vce-col vce-col--md-auto vce-col--xs-1 vce-col--xs-last vce-col--xs-first vce-col--sm-last vce-col--sm-first\" id=\"el-713c4377\"><div class=\"vce-col-inner\" data-vce-do-apply=\"border margin background  el-713c4377\"><div class=\"vce-col-content\" data-vce-element-content=\"true\" data-vce-do-apply=\"padding el-713c4377\"><div class=\"vce-button--style-basic-container vce-button--style-basic-container--align-center\"><span class=\"vce-button--style-basic-wrapper vce\" id=\"el-33004872\" data-vce-do-apply=\"margin el-33004872\"><a class=\"vce-button--style-basic vce-button--style-basic--border-rounded vce-button--style-basic--size-medium vce-button--style-basic--color-557cbf--fff\" href=\"https:\/\/madaservices.com\/prestetion-online\/nos-engagements\/\" title=\"\" data-vce-do-apply=\"padding border background  el-33004872\">Nos engagements<\/a><\/span><\/div><\/div><\/div><\/div><div class=\"vce-col vce-col--md-auto vce-col--xs-1 vce-col--xs-last vce-col--xs-first vce-col--sm-last vce-col--sm-first\" id=\"el-d2429f12\"><div class=\"vce-col-inner\" data-vce-do-apply=\"border margin background  el-d2429f12\"><div class=\"vce-col-content\" data-vce-element-content=\"true\" data-vce-do-apply=\"padding el-d2429f12\"><div class=\"vce-button--style-basic-container vce-button--style-basic-container--align-center\"><span class=\"vce-button--style-basic-wrapper vce\" id=\"el-386c2bbb\" data-vce-do-apply=\"margin el-386c2bbb\"><a class=\"vce-button--style-basic vce-button--style-basic--border-rounded vce-button--style-basic--size-medium vce-button--style-basic--color-b-64-198-81--fff\" href=\"http:\/\/madaservices.com\/prestetion-online\/nos-modalites\/\" title=\"\" data-vce-do-apply=\"padding border background  el-386c2bbb\">Nos modalit\u00e9s<\/a><\/span><\/div><\/div><\/div><\/div><div class=\"vce-col vce-col--md-auto vce-col--xs-1 vce-col--xs-last vce-col--xs-first vce-col--sm-last vce-col--sm-first vce-col--md-last vce-col--lg-last vce-col--xl-last\" id=\"el-eb8db951\"><div class=\"vce-col-inner\" data-vce-do-apply=\"border margin background  el-eb8db951\"><div class=\"vce-col-content\" data-vce-element-content=\"true\" data-vce-do-apply=\"padding el-eb8db951\"><div class=\"vce-button--style-basic-container vce-button--style-basic-container--align-center\"><span class=\"vce-button--style-basic-wrapper vce\" id=\"el-0d287f60\" data-vce-do-apply=\"margin el-0d287f60\"><a class=\"vce-button--style-basic vce-button--style-basic--border-rounded vce-button--style-basic--size-medium vce-button--style-basic--color-557cbf--fff\" href=\"https:\/\/madaservices.com\/contact-2\/\" title=\"\" data-vce-do-apply=\"padding border background  el-0d287f60\">Contact<\/a><\/span><\/div><\/div><\/div><\/div><\/div><\/div><\/div><\/div><\/div><\/div><\/div><\/div><\/div><div class=\"vce-row-container\" data-vce-boxed-width=\"true\"><div class=\"vce-row vce-row--has-col-background vce-row--col-gap-30 vce-row-equal-height vce-row-content--top\" id=\"el-5ff17005\" data-vce-do-apply=\"all el-5ff17005\"><div class=\"vce-row-content\" data-vce-element-content=\"true\"><div class=\"vce-col vce-element--has-background vce-col--md-48p vce-col--xs-1 vce-col--xs-last vce-col--xs-first vce-col--sm-last vce-col--sm-first vce-col--md-first vce-col--lg-first vce-col--xl-first\" id=\"el-45aa88d7\"><div class=\"vce-col-inner\" data-vce-do-apply=\"border margin background  el-45aa88d7\" vce-box-shadow=\"el-45aa88d7\"><div class=\"vce-content-background-container\"><\/div><div class=\"vce-col-content\" data-vce-element-content=\"true\" data-vce-do-apply=\"padding el-45aa88d7\"><div class=\"vce-text-block\"><div class=\"vce-text-block-wrapper vce\" id=\"el-30af384e\" data-vce-do-apply=\"all el-30af384e\"><p><strong>MadaServices de CMC Madagascar propose des contrats incluant le cabinet parisien afin d\u2019apporter toutes les garanties de fiabilit\u00e9s n\u00e9cessaires et facilit\u00e9 la coordination op\u00e9rationnelle.<\/strong><\/p><\/div><\/div><\/div><\/div><\/div><div class=\"vce-col vce-element--has-background vce-col--md-48p vce-col--xs-1 vce-col--xs-last vce-col--xs-first vce-col--sm-last vce-col--sm-first vce-col--md-last vce-col--lg-last vce-col--xl-last\" id=\"el-89337c95\"><div class=\"vce-col-inner\" data-vce-do-apply=\"border margin background  el-89337c95\" vce-box-shadow=\"el-89337c95\"><div class=\"vce-content-background-container\"><\/div><div class=\"vce-col-content\" data-vce-element-content=\"true\" data-vce-do-apply=\"padding el-89337c95\"><div class=\"vce-text-block\"><div class=\"vce-text-block-wrapper vce\" id=\"el-e840840e\" data-vce-do-apply=\"all el-e840840e\"><p><span style=\"color: #ffffff;\">Les offres de services sont \u00e9labor\u00e9es sur mesure en fonction de la demande, au temps pass\u00e9 ou \u00e0 la tache effectu\u00e9e, comprennent les objectifs, les moyens mis \u00e0 disposition, les modalit\u00e9s de suivi et de contr\u00f4le qualit\u00e9.<\/span><\/p><\/div><\/div><\/div><\/div><\/div><\/div><\/div><\/div>\n<\/div><\/div>","protected":false},"excerpt":{"rendered":"<p>Nos offresQui sommes nousNos engagementsNos modalit\u00e9sContactMadaServices de CMC Madagascar propose des contrats incluant le cabinet parisien afin d\u2019apporter toutes les<a href=\"https:\/\/madaservices.com\/en\/prestation-online\/nos-modalites\/\" class=\"read-more\">Continue Reading<\/a><\/p>\n","protected":false},"author":2,"featured_media":0,"parent":1054,"menu_order":0,"comment_status":"closed","ping_status":"closed","template":"page-online.php","meta":{"footnotes":""},"_links":{"self":[{"href":"https:\/\/madaservices.com\/en\/wp-json\/wp\/v2\/pages\/1029"}],"collection":[{"href":"https:\/\/madaservices.com\/en\/wp-json\/wp\/v2\/pages"}],"about":[{"href":"https:\/\/madaservices.com\/en\/wp-json\/wp\/v2\/types\/page"}],"author":[{"embeddable":true,"href":"https:\/\/madaservices.com\/en\/wp-json\/wp\/v2\/users\/2"}],"replies":[{"embeddable":true,"href":"https:\/\/madaservices.com\/en\/wp-json\/wp\/v2\/comments?post=1029"}],"version-history":[{"count":18,"href":"https:\/\/madaservices.com\/en\/wp-json\/wp\/v2\/pages\/1029\/revisions"}],"predecessor-version":[{"id":1387,"href":"https:\/\/madaservices.com\/en\/wp-json\/wp\/v2\/pages\/1029\/revisions\/1387"}],"up":[{"embeddable":true,"href":"https:\/\/madaservices.com\/en\/wp-json\/wp\/v2\/pages\/1054"}],"wp:attachment":[{"href":"https:\/\/madaservices.com\/en\/wp-json\/wp\/v2\/media?parent=1029"}],"curies":[{"name":"wp","href":"https:\/\/api.w.org\/{rel}","templated":true}]}}