{"id":1023,"date":"2023-08-10T14:51:00","date_gmt":"2023-08-10T12:51:00","guid":{"rendered":"https:\/\/madaservices.com\/?page_id=1023"},"modified":"2025-04-08T13:33:55","modified_gmt":"2025-04-08T11:33:55","slug":"nos-offres","status":"publish","type":"page","link":"https:\/\/madaservices.com\/en\/prestation-online\/nos-offres\/","title":{"rendered":"Nos offres"},"content":{"rendered":"<div id=\"dslc-theme-content\"><div id=\"dslc-theme-content-inner\"><div class=\"vce-row-container\" data-vce-boxed-width=\"true\"><div class=\"vce-row vce-row--col-gap-30 vce-row-equal-height vce-row-content--top\" id=\"el-fc40e36f\" data-vce-do-apply=\"all el-fc40e36f\"><div class=\"vce-row-content\" data-vce-element-content=\"true\"><div class=\"vce-col vce-col--md-auto vce-col--xs-1 vce-col--xs-last vce-col--xs-first vce-col--sm-last vce-col--sm-first vce-col--md-last vce-col--lg-last vce-col--xl-last vce-col--md-first vce-col--lg-first vce-col--xl-first\" id=\"el-e892b09e\"><div class=\"vce-col-inner\" data-vce-do-apply=\"border margin background  el-e892b09e\"><div class=\"vce-col-content\" data-vce-element-content=\"true\" data-vce-do-apply=\"padding el-e892b09e\"><div class=\"vce-row-container\" data-vce-boxed-width=\"true\"><div class=\"vce-row vce-row--col-gap-30 vce-row-equal-height vce-row-content--top\" id=\"el-ab99467e\" data-vce-do-apply=\"all el-ab99467e\"><div class=\"vce-row-content\" data-vce-element-content=\"true\"><div class=\"vce-col vce-col--md-auto vce-col--xs-1 vce-col--xs-last vce-col--xs-first vce-col--sm-last vce-col--sm-first vce-col--md-first vce-col--lg-first vce-col--xl-first\" id=\"el-4b20ed1b\"><div class=\"vce-col-inner\" data-vce-do-apply=\"border margin background  el-4b20ed1b\"><div class=\"vce-col-content\" data-vce-element-content=\"true\" data-vce-do-apply=\"padding el-4b20ed1b\"><div class=\"vce-button--style-basic-container vce-button--style-basic-container--align-center\"><span class=\"vce-button--style-basic-wrapper vce\" id=\"el-a3460ec1\" data-vce-do-apply=\"margin el-a3460ec1\"><a class=\"vce-button--style-basic vce-button--style-basic--border-rounded vce-button--style-basic--size-medium vce-button--style-basic--color-557cbf--fff\" href=\"http:\/\/madaservices.com\/Nos-offres\/\" title=\"\" data-vce-do-apply=\"padding border background  el-a3460ec1\">Nos offres<\/a><\/span><\/div><\/div><\/div><\/div><div class=\"vce-col vce-col--md-auto vce-col--xs-1 vce-col--xs-last vce-col--xs-first vce-col--sm-last vce-col--sm-first\" id=\"el-64efd8b4\"><div class=\"vce-col-inner\" data-vce-do-apply=\"border margin background  el-64efd8b4\"><div class=\"vce-col-content\" data-vce-element-content=\"true\" data-vce-do-apply=\"padding el-64efd8b4\"><div class=\"vce-button--style-basic-container vce-button--style-basic-container--align-center\"><span class=\"vce-button--style-basic-wrapper vce\" id=\"el-2b35e552\" data-vce-do-apply=\"margin el-2b35e552\"><a class=\"vce-button--style-basic vce-button--style-basic--border-rounded vce-button--style-basic--size-medium vce-button--style-basic--color-557cbf--fff\" href=\"http:\/\/madaservices.com\/prestetion-online\/qui-sommes-nous-2\/\" title=\"\" data-vce-do-apply=\"padding border background  el-2b35e552\">Qui sommes nous<\/a><\/span><\/div><\/div><\/div><\/div><div class=\"vce-col vce-col--md-auto vce-col--xs-1 vce-col--xs-last vce-col--xs-first vce-col--sm-last vce-col--sm-first\" id=\"el-096deb73\"><div class=\"vce-col-inner\" data-vce-do-apply=\"border margin background  el-096deb73\"><div class=\"vce-col-content\" data-vce-element-content=\"true\" data-vce-do-apply=\"padding el-096deb73\"><div class=\"vce-button--style-basic-container vce-button--style-basic-container--align-center\"><span class=\"vce-button--style-basic-wrapper vce\" id=\"el-4ac28293\" data-vce-do-apply=\"margin el-4ac28293\"><a class=\"vce-button--style-basic vce-button--style-basic--border-rounded vce-button--style-basic--size-medium vce-button--style-basic--color-557cbf--fff\" href=\"http:\/\/madaservices.com\/prestetion-online\/nos-engagements\/\" title=\"\" data-vce-do-apply=\"padding border background  el-4ac28293\">Nos engagements<\/a><\/span><\/div><\/div><\/div><\/div><div class=\"vce-col vce-col--md-auto vce-col--xs-1 vce-col--xs-last vce-col--xs-first vce-col--sm-last vce-col--sm-first\" id=\"el-2bbd013c\"><div class=\"vce-col-inner\" data-vce-do-apply=\"border margin background  el-2bbd013c\"><div class=\"vce-col-content\" data-vce-element-content=\"true\" data-vce-do-apply=\"padding el-2bbd013c\"><div class=\"vce-button--style-basic-container vce-button--style-basic-container--align-center\"><span class=\"vce-button--style-basic-wrapper vce\" id=\"el-6abe3030\" data-vce-do-apply=\"margin el-6abe3030\"><a class=\"vce-button--style-basic vce-button--style-basic--border-rounded vce-button--style-basic--size-medium vce-button--style-basic--color-557cbf--fff\" href=\"http:\/\/madaservices.com\/prestetion-online\/nos-modalites\/\" title=\"\" data-vce-do-apply=\"padding border background  el-6abe3030\">Nos modalit\u00e9s<\/a><\/span><\/div><\/div><\/div><\/div><div class=\"vce-col vce-col--md-auto vce-col--xs-1 vce-col--xs-last vce-col--xs-first vce-col--sm-last vce-col--sm-first vce-col--md-last vce-col--lg-last vce-col--xl-last\" id=\"el-0e9d370d\"><div class=\"vce-col-inner\" data-vce-do-apply=\"border margin background  el-0e9d370d\"><div class=\"vce-col-content\" data-vce-element-content=\"true\" data-vce-do-apply=\"padding el-0e9d370d\"><div class=\"vce-button--style-basic-container vce-button--style-basic-container--align-center\"><span class=\"vce-button--style-basic-wrapper vce\" id=\"el-bda43b5a\" data-vce-do-apply=\"margin el-bda43b5a\"><a class=\"vce-button--style-basic vce-button--style-basic--border-rounded vce-button--style-basic--size-medium vce-button--style-basic--color-557cbf--fff\" href=\"https:\/\/madaservices.com\/contact-2\/\" title=\"\" data-vce-do-apply=\"padding border background  el-bda43b5a\">contact<\/a><\/span><\/div><\/div><\/div><\/div><\/div><\/div><\/div><\/div><\/div><\/div><\/div><\/div><\/div><div class=\"vce-row-container\" data-vce-boxed-width=\"true\"><div class=\"vce-row vce-element--has-background vce-row--col-gap-30 vce-row-equal-height vce-row-content--top\" vce-box-shadow=\"el-ed7ab9c1\" id=\"el-ed7ab9c1\" data-vce-do-apply=\"all el-ed7ab9c1\"><div class=\"vce-content-background-container\"><\/div><div class=\"vce-row-content\" data-vce-element-content=\"true\"><div class=\"vce-col vce-col--md-63p vce-col--xs-1 vce-col--xs-last vce-col--xs-first vce-col--sm-last vce-col--sm-first vce-col--md-first vce-col--lg-first vce-col--xl-first\" id=\"el-bb91374f\"><div class=\"vce-col-inner\" data-vce-do-apply=\"border margin background  el-bb91374f\"><div class=\"vce-col-content\" data-vce-element-content=\"true\" data-vce-do-apply=\"padding el-bb91374f\"><div class=\"vce-text-block\"><div class=\"vce-text-block-wrapper vce\" id=\"el-99c07217\" data-vce-do-apply=\"all el-99c07217\"><h1 class=\"wp-block-heading has-very-light-gray-color has-text-color\" style=\"text-align: center; line-height: 1.25;\">Back-office et support administratif<\/h1><\/div><\/div><\/div><\/div><\/div><div class=\"vce-col vce-col--md-36p vce-col--xs-1 vce-col--xs-last vce-col--xs-first vce-col--sm-last vce-col--sm-first vce-col--md-last vce-col--lg-last vce-col--xl-last\" id=\"el-39c5ff1c\"><div class=\"vce-col-inner\" data-vce-do-apply=\"border margin background  el-39c5ff1c\"><div class=\"vce-col-content\" data-vce-element-content=\"true\" data-vce-do-apply=\"padding el-39c5ff1c\"><div class=\"vce-text-block\"><div class=\"vce-text-block-wrapper vce\" id=\"el-c0e0b483\" data-vce-do-apply=\"all el-c0e0b483\"><h1 class=\"wp-block-heading\" style=\"text-align: center; line-height: 1.25;\"><span style=\"color: #ffffff; letter-spacing: inherit;\">D\u00e9veloppement WEB&nbsp;<\/span><\/h1><\/div><\/div><\/div><\/div><\/div><\/div><\/div><\/div><div class=\"vce-row-container\" data-vce-boxed-width=\"true\"><div class=\"vce-row vce-row--has-col-background vce-element--has-background vce-row--col-gap-30 vce-row-equal-height vce-row-content--middle\" vce-box-shadow=\"el-94c3a55f\" id=\"el-94c3a55f\" data-vce-do-apply=\"all el-94c3a55f\"><div class=\"vce-content-background-container\"><\/div><div class=\"vce-row-content\" data-vce-element-content=\"true\"><div class=\"vce-col vce-col--md-30p vce-col--xs-1 vce-col--xs-last vce-col--xs-first vce-col--sm-last vce-col--sm-first vce-col--md-first vce-col--lg-first vce-col--xl-first\" id=\"el-476a477b\"><div class=\"vce-col-inner\" data-vce-do-apply=\"border margin background  el-476a477b\"><div class=\"vce-content-background-container\"><\/div><div class=\"vce-col-content\" data-vce-element-content=\"true\" data-vce-do-apply=\"padding el-476a477b\"><section class=\"vce-feature vce-feature--alignment--center\"><div class=\"vce vce-feature--wrap-row\" id=\"el-51b01d7a\" data-vce-do-apply=\"all el-51b01d7a\"><div class=\"vce-features vce-features--style-filled-circle vce-features--align-center vce-features--size-large vce-icon--style--icon-color-fff vce-icon--style--shape-color-3cb878 vce-icon--style--icon-color-hover-b-60-184-120 vce-icon--style--shape-color-hover-b-255-255-255\"><div id=\"el-002f8380\" class=\"vce vce-features-icon-wrapper\" data-vce-do-apply=\"all el-002f8380\"><a class=\"vce-features--icon vce-icon\" href=\"https:\/\/madaservices.com\/saisie-comptable-traitement-des-ecritures-et-enregistrement-des-pieces\/\" title=\"\"><svg xmlns=\"https:\/\/www.w3.org\/2000\/svg\" viewBox=\"0 0 769 769\"><path stroke-width=\"25\" d=\"M565.755 696.27h-360l-180-311.77 180-311.77h360l180 311.77z\"><\/path><\/svg><span class=\"vce-icon-container fas fa-file-contract\"><\/span><\/a><\/div><\/div><h4><a href=\"https:\/\/madaservices.com\/saisie-comptable-traitement-des-ecritures-et-enregistrement-des-pieces\/\">Saisie comptable, traitement des \u00e9critures et enregistrement des pi\u00e8ces<\/a><\/h4><\/div><\/section><section class=\"vce-feature vce-feature--alignment--center\"><div class=\"vce vce-feature--wrap-row\" id=\"el-c488019c\" data-vce-do-apply=\"all el-c488019c\"><div class=\"vce-features vce-features--style-filled-circle vce-features--align-center vce-features--size-large vce-icon--style--icon-color-fff vce-icon--style--shape-color-3cb878 vce-icon--style--icon-color-hover-b-60-184-120 vce-icon--style--shape-color-hover-b-255-255-255\"><div id=\"el-fb412b29\" class=\"vce vce-features-icon-wrapper\" data-vce-do-apply=\"all el-fb412b29\"><a class=\"vce-features--icon vce-icon\" href=\"https:\/\/madaservices.com\/saisie-et-traitement-de-donnees-informatiques\/\" title=\"\"><svg xmlns=\"https:\/\/www.w3.org\/2000\/svg\" viewBox=\"0 0 769 769\"><path stroke-width=\"25\" d=\"M565.755 696.27h-360l-180-311.77 180-311.77h360l180 311.77z\"><\/path><\/svg><span class=\"vce-icon-container far fa-edit\"><\/span><\/a><\/div><\/div><h4><a href=\"https:\/\/madaservices.com\/saisie-et-traitement-de-donnees-informatiques\/\">Saisie et Traitement de donn\u00e9es informatiques<\/a><\/h4><\/div><\/section><\/div><\/div><\/div><div class=\"vce-col vce-col--md-30p vce-col--xs-1 vce-col--xs-last vce-col--xs-first vce-col--sm-last vce-col--sm-first\" id=\"el-f414523e\"><div class=\"vce-col-inner\" data-vce-do-apply=\"border margin background  el-f414523e\"><div class=\"vce-content-background-container\"><\/div><div class=\"vce-col-content\" data-vce-element-content=\"true\" data-vce-do-apply=\"padding el-f414523e\"><section class=\"vce-feature vce-feature--alignment--center\"><div class=\"vce vce-feature--wrap-row\" id=\"el-52a1cf6d\" data-vce-do-apply=\"all el-52a1cf6d\"><div class=\"vce-features vce-features--style-filled-circle vce-features--align-center vce-features--size-large vce-icon--style--icon-color-fff vce-icon--style--shape-color-3cb878 vce-icon--style--icon-color-hover-b-60-184-120 vce-icon--style--shape-color-hover-b-255-255-255\"><div id=\"el-35a7c370\" class=\"vce vce-features-icon-wrapper\" data-vce-do-apply=\"all el-35a7c370\"><a class=\"vce-features--icon vce-icon\" href=\"https:\/\/madaservices.com\/prestations-administratives-et-fiscales\/\" title=\"\"><svg xmlns=\"https:\/\/www.w3.org\/2000\/svg\" viewBox=\"0 0 769 769\"><path stroke-width=\"25\" d=\"M565.755 696.27h-360l-180-311.77 180-311.77h360l180 311.77z\"><\/path><\/svg><span class=\"vce-icon-container fas fa-sitemap\"><\/span><\/a><\/div><\/div><h4><a href=\"https:\/\/madaservices.com\/prestations-administratives-et-fiscales\/\">Prestations administratives et fiscales<\/a><\/h4><\/div><\/section><section class=\"vce-feature vce-feature--alignment--center\"><div class=\"vce vce-feature--wrap-row\" id=\"el-6b6545a2\" data-vce-do-apply=\"all el-6b6545a2\"><div class=\"vce-features vce-features--style-filled-circle vce-features--align-center vce-features--size-large vce-icon--style--icon-color-fff vce-icon--style--shape-color-3cb878 vce-icon--style--icon-color-hover-b-60-184-120 vce-icon--style--shape-color-hover-b-255-255-255\"><div id=\"el-924a8772\" class=\"vce vce-features-icon-wrapper\" data-vce-do-apply=\"all el-924a8772\"><a class=\"vce-features--icon vce-icon\" href=\"https:\/\/madaservices.com\/toutes-autres-missions-specifiques-pouvant-etre-deleguee-a-une-externe-offshore\/\" title=\"\"><svg xmlns=\"https:\/\/www.w3.org\/2000\/svg\" viewBox=\"0 0 769 769\"><path stroke-width=\"25\" d=\"M565.755 696.27h-360l-180-311.77 180-311.77h360l180 311.77z\"><\/path><\/svg><span class=\"vce-icon-container fas fa-handshake\"><\/span><\/a><\/div><\/div><h4><a href=\"https:\/\/madaservices.com\/toutes-autres-missions-specifiques-pouvant-etre-deleguee-a-une-externe-offshore\/\">Toutes autres missions sp\u00e9cifiques pouvant \u00eatre d\u00e9l\u00e9gu\u00e9e \u00e0 une externe offshore<\/a><\/h4><\/div><\/section><\/div><\/div><\/div><div class=\"vce-col vce-element--has-background vce-col--md-5p vce-col--xs-1 vce-col--xs-last vce-col--xs-first vce-col--sm-last vce-col--sm-first\" id=\"el-4957d9da\"><div class=\"vce-col-inner\" data-vce-do-apply=\"border margin background  el-4957d9da\"><div class=\"vce-content-background-container\"><\/div><div class=\"vce-col-content\" data-vce-element-content=\"true\" data-vce-do-apply=\"padding el-4957d9da\"><\/div><\/div><\/div><div class=\"vce-col vce-col--md-35p vce-col--xs-1 vce-col--xs-last vce-col--xs-first vce-col--sm-last vce-col--sm-first vce-col--md-last vce-col--lg-last vce-col--xl-last\" id=\"el-725747ce\"><div class=\"vce-col-inner\" data-vce-do-apply=\"border margin background  el-725747ce\"><div class=\"vce-content-background-container\"><\/div><div class=\"vce-col-content\" data-vce-element-content=\"true\" data-vce-do-apply=\"padding el-725747ce\"><section class=\"vce-feature vce-feature--alignment--center\"><div class=\"vce vce-feature--wrap-row\" id=\"el-d718e295\" data-vce-do-apply=\"all el-d718e295\"><div class=\"vce-features vce-features--style-filled-circle vce-features--align-center vce-features--size-large vce-icon--style--icon-color-fff vce-icon--style--shape-color-3cb878 vce-icon--style--icon-color-hover-b-60-184-120 vce-icon--style--shape-color-hover-b-255-255-255\"><div id=\"el-58458a32\" class=\"vce vce-features-icon-wrapper\" data-vce-do-apply=\"all el-58458a32\"><a class=\"vce-features--icon vce-icon\" href=\"https:\/\/madaservices.com\/mise-a-jour-de-contenus-wordpress\/\" title=\"\"><svg xmlns=\"https:\/\/www.w3.org\/2000\/svg\" viewBox=\"0 0 769 769\"><path stroke-width=\"25\" d=\"M565.755 696.27h-360l-180-311.77 180-311.77h360l180 311.77z\"><\/path><\/svg><span class=\"vce-icon-container fas fa-sync\"><\/span><\/a><\/div><\/div><h4><a href=\"https:\/\/madaservices.com\/mise-a-jour-de-contenus-wordpress\/\">Mise \u00e0 jour de contenus Wordpress<\/a><\/h4><\/div><\/section><section class=\"vce-feature vce-feature--alignment--center\"><div class=\"vce vce-feature--wrap-row\" id=\"el-233820e4\" data-vce-do-apply=\"all el-233820e4\"><div class=\"vce-features vce-features--style-filled-circle vce-features--align-center vce-features--size-medium vce-icon--style--icon-color-fff vce-icon--style--shape-color-3cb878 vce-icon--style--icon-color-hover-b-60-184-120 vce-icon--style--shape-color-hover-b-255-255-255\"><div id=\"el-2cb92752\" class=\"vce vce-features-icon-wrapper\" data-vce-do-apply=\"all el-2cb92752\"><a class=\"vce-features--icon vce-icon\" href=\"https:\/\/madaservices.com\/creation-et-gestion-de-sites-internet\/\" title=\"\"><svg xmlns=\"https:\/\/www.w3.org\/2000\/svg\" viewBox=\"0 0 769 769\"><path stroke-width=\"25\" d=\"M565.755 696.27h-360l-180-311.77 180-311.77h360l180 311.77z\"><\/path><\/svg><span class=\"vce-icon-container fab fa-soundcloud\"><\/span><\/a><\/div><\/div><h4><a href=\"https:\/\/madaservices.com\/creation-et-gestion-de-sites-internet\/\">Cr\u00e9ation et gestion de sites internet<\/a><\/h4><\/div><\/section><section class=\"vce-feature vce-feature--alignment--center\"><div class=\"vce vce-feature--wrap-row\" id=\"el-af9ad13a\" data-vce-do-apply=\"all el-af9ad13a\"><div class=\"vce-features vce-features--style-filled-circle vce-features--align-center vce-features--size-medium vce-icon--style--icon-color-fff vce-icon--style--shape-color-3cb878 vce-icon--style--icon-color-hover-b-60-184-120 vce-icon--style--shape-color-hover-b-255-255-255\"><div id=\"el-264c74d8\" class=\"vce vce-features-icon-wrapper\" data-vce-do-apply=\"all el-264c74d8\"><a class=\"vce-features--icon vce-icon\" href=\"https:\/\/madaservices.com\/assistance-et-maintenance-hotline-des-sites\/\" title=\"\"><svg xmlns=\"https:\/\/www.w3.org\/2000\/svg\" viewBox=\"0 0 769 769\"><path stroke-width=\"25\" d=\"M565.755 696.27h-360l-180-311.77 180-311.77h360l180 311.77z\"><\/path><\/svg><span class=\"vce-icon-container fas fa-chalkboard-teacher\"><\/span><\/a><\/div><\/div><h4><a href=\"https:\/\/madaservices.com\/assistance-et-maintenance-hotline-des-sites\/\">Assistance et maintenance hotline des sites<\/a><\/h4><\/div><\/section><\/div><\/div><\/div><\/div><\/div><\/div>\n<\/div><\/div>","protected":false},"excerpt":{"rendered":"<p>Nos offresQui sommes nousNos engagementsNos modalit\u00e9scontactBack-office et support administratifD\u00e9veloppement WEB&nbsp;Saisie comptable, traitement des \u00e9critures et enregistrement des pi\u00e8cesSaisie et Traitement<a href=\"https:\/\/madaservices.com\/en\/prestation-online\/nos-offres\/\" class=\"read-more\">Continue Reading<\/a><\/p>\n","protected":false},"author":2,"featured_media":1025,"parent":1054,"menu_order":0,"comment_status":"closed","ping_status":"closed","template":"page-online.php","meta":{"footnotes":""},"_links":{"self":[{"href":"https:\/\/madaservices.com\/en\/wp-json\/wp\/v2\/pages\/1023"}],"collection":[{"href":"https:\/\/madaservices.com\/en\/wp-json\/wp\/v2\/pages"}],"about":[{"href":"https:\/\/madaservices.com\/en\/wp-json\/wp\/v2\/types\/page"}],"author":[{"embeddable":true,"href":"https:\/\/madaservices.com\/en\/wp-json\/wp\/v2\/users\/2"}],"replies":[{"embeddable":true,"href":"https:\/\/madaservices.com\/en\/wp-json\/wp\/v2\/comments?post=1023"}],"version-history":[{"count":28,"href":"https:\/\/madaservices.com\/en\/wp-json\/wp\/v2\/pages\/1023\/revisions"}],"predecessor-version":[{"id":1388,"href":"https:\/\/madaservices.com\/en\/wp-json\/wp\/v2\/pages\/1023\/revisions\/1388"}],"up":[{"embeddable":true,"href":"https:\/\/madaservices.com\/en\/wp-json\/wp\/v2\/pages\/1054"}],"wp:featuredmedia":[{"embeddable":true,"href":"https:\/\/madaservices.com\/en\/wp-json\/wp\/v2\/media\/1025"}],"wp:attachment":[{"href":"https:\/\/madaservices.com\/en\/wp-json\/wp\/v2\/media?parent=1023"}],"curies":[{"name":"wp","href":"https:\/\/api.w.org\/{rel}","templated":true}]}}